{"id":809,"date":"2026-01-06T22:10:43","date_gmt":"2026-01-06T22:10:43","guid":{"rendered":"https:\/\/www.coursdelanguearabe.com\/?page_id=809"},"modified":"2026-02-02T11:21:58","modified_gmt":"2026-02-02T11:21:58","slug":"cours-de-langue-arabe-2","status":"publish","type":"page","link":"https:\/\/www.coursdelanguearabe.com\/en\/cours-de-langue-arabe-2\/","title":{"rendered":"About Us"},"content":{"rendered":"<div data-elementor-type=\"wp-page\" data-elementor-id=\"809\" class=\"elementor elementor-809\">\n\t\t\t\t<div class=\"elementor-element elementor-element-63b68bea e-flex e-con-boxed wpr-particle-no wpr-jarallax-no wpr-parallax-no wpr-sticky-section-no wpr-equal-height-no e-con e-parent\" data-id=\"63b68bea\" data-element_type=\"container\" data-e-type=\"container\" data-settings=\"{&quot;background_background&quot;:&quot;classic&quot;}\">\n\t\t\t\t\t<div class=\"e-con-inner\">\n\t\t<div class=\"elementor-element elementor-element-26e0a639 e-con-full e-flex wpr-particle-no wpr-jarallax-no wpr-parallax-no wpr-sticky-section-no wpr-equal-height-no e-con e-child\" data-id=\"26e0a639\" data-element_type=\"container\" data-e-type=\"container\">\n\t\t\t\t<div class=\"elementor-element elementor-element-47e687d4 elementor-widget elementor-widget-heading\" data-id=\"47e687d4\" data-element_type=\"widget\" data-e-type=\"widget\" data-widget_type=\"heading.default\">\n\t\t\t\t<div class=\"elementor-widget-container\">\n\t\t\t\t\t<h2 class=\"elementor-heading-title elementor-size-default\">About  Us\n<\/h2>\t\t\t\t<\/div>\n\t\t\t\t<\/div>\n\t\t\t\t<\/div>\n\t\t\t\t\t<\/div>\n\t\t\t\t<\/div>\n\t\t\t\t<section class=\"elementor-section elementor-top-section elementor-element elementor-element-6760bf5b elementor-section-content-middle elementor-section-boxed elementor-section-height-default elementor-section-height-default wpr-particle-no wpr-jarallax-no wpr-parallax-no wpr-sticky-section-no wpr-equal-height-no\" data-id=\"6760bf5b\" data-element_type=\"section\" data-e-type=\"section\">\n\t\t\t\t\t\t\t<div class=\"elementor-background-overlay\"><\/div>\n\t\t\t\t\t\t\t<div class=\"elementor-container elementor-column-gap-no\">\n\t\t\t\t\t<div class=\"elementor-column elementor-col-100 elementor-top-column elementor-element elementor-element-6911fa75\" data-id=\"6911fa75\" data-element_type=\"column\" data-e-type=\"column\" data-settings=\"{&quot;background_background&quot;:&quot;classic&quot;}\">\n\t\t\t<div class=\"elementor-widget-wrap elementor-element-populated\">\n\t\t\t\t\t\t<div class=\"elementor-element elementor-element-7859031e elementor-widget elementor-widget-text-editor\" data-id=\"7859031e\" data-element_type=\"widget\" data-e-type=\"widget\" data-widget_type=\"text-editor.default\">\n\t\t\t\t<div class=\"elementor-widget-container\">\n\t\t\t\t\t\t\t\t\t<div class=\"elementor-element elementor-element-42402394 elementor-widget elementor-widget-heading\" data-id=\"42402394\" data-element_type=\"widget\" data-widget_type=\"heading.default\"><div class=\"elementor-widget-container\"><h2 data-start=\"193\" data-end=\"259\">An experience rooted in Arabic institutes in Egypt \ud83c\uddea\ud83c\uddec<\/h2><p data-start=\"261\" data-end=\"404\">The site <strong data-start=\"269\" data-end=\"294\">Arabic Language Course<\/strong> was born out of concrete experience in the field, directly at the heart of Arabic language institutes in Egypt.<\/p><p data-start=\"406\" data-end=\"829\">The founder studied Arabic at the Al Ibaanah Center in Cairo, renowned for the quality of its teaching. He started from scratch and gradually worked his way through nine complete levels. This rigorous training gave him a better understanding of the difficulties encountered by French-speaking students who want to learn Arabic in a structured and effective way.<\/p><\/div><div class=\"elementor-widget-container\"><hr data-start=\"831\" data-end=\"834\" \/><h2 data-start=\"836\" data-end=\"896\">An educational immersion in renowned institutions \ud83c\udf93<\/h2><p data-start=\"898\" data-end=\"1107\">Subsequently, several years of experience in the administration of the Al Ibaanah and Al Forqane institutes, two renowned establishments in Cairo, enabled him to support and mentor hundreds of students.<\/p><p data-start=\"1109\" data-end=\"1313\">This direct immersion provided a clear insight into effective teaching methods, learners' real expectations, and the importance of serious, regular, and supportive guidance.<\/p><hr data-start=\"1315\" data-end=\"1318\" \/><h2 data-start=\"1320\" data-end=\"1367\">The birth of Cours de Langue Arabe.com \ud83c\udf0d<\/h2><p data-start=\"1369\" data-end=\"1466\">This is how the Oktoub project was born in 2014, which has now become <strong data-start=\"1436\" data-end=\"1465\">Cours de Langue Arabe.com <\/strong>(men's section).<\/p><p data-start=\"1468\" data-end=\"1747\">Since its creation, more than <strong data-start=\"1496\" data-end=\"1515\">1,200 students<\/strong> followed an <strong data-start=\"1529\" data-end=\"1554\">Arabic language course<\/strong>, alhamdoulillah \ud83e\udd32 The objective has remained unchanged over the years: to facilitate access to quality education, faithful to the programs applied in recognized institutes throughout the Arab world.<\/p><hr data-start=\"1749\" data-end=\"1752\" \/><h2 data-start=\"1754\" data-end=\"1788\">A clear and sustainable mission \u2728<\/h2><p data-start=\"1790\" data-end=\"1874\">Today, <strong data-start=\"1803\" data-end=\"1828\">Arabic Language Course<\/strong> continues this mission with the same high standards.<\/p><p data-start=\"1876\" data-end=\"2077\">The emphasis is on clear, progressive, and authentic learning, while maintaining a human and motivating approach. Learning Arabic deserves a serious, structured, and meaningful framework.<\/p><\/div><\/div>\t\t\t\t\t\t\t\t<\/div>\n\t\t\t\t<\/div>\n\t\t\t\t<div class=\"elementor-element elementor-element-0127443 elementor-align-center elementor-widget elementor-widget-button\" data-id=\"0127443\" data-element_type=\"widget\" data-e-type=\"widget\" data-widget_type=\"button.default\">\n\t\t\t\t<div class=\"elementor-widget-container\">\n\t\t\t\t\t\t\t\t\t<div class=\"elementor-button-wrapper\">\n\t\t\t\t\t<a class=\"elementor-button elementor-button-link elementor-size-sm\" href=\"https:\/\/www.coursdelanguearabe.com\/en\/product\/cours-darabe\/\" target=\"_blank\">\n\t\t\t\t\t\t<span class=\"elementor-button-content-wrapper\">\n\t\t\t\t\t\t\t\t\t<span class=\"elementor-button-text\">Start Arabic lessons <\/span>\n\t\t\t\t\t<\/span>\n\t\t\t\t\t<\/a>\n\t\t\t\t<\/div>\n\t\t\t\t\t\t\t\t<\/div>\n\t\t\t\t<\/div>\n\t\t\t\t\t<\/div>\n\t\t<\/div>\n\t\t\t\t\t<\/div>\n\t\t<\/section>\n\t\t<div class=\"elementor-element elementor-element-1ffe99c2 e-flex e-con-boxed wpr-particle-no wpr-jarallax-no wpr-parallax-no wpr-sticky-section-no wpr-equal-height-no e-con e-parent\" data-id=\"1ffe99c2\" data-element_type=\"container\" data-e-type=\"container\">\n\t\t\t\t\t<div class=\"e-con-inner\">\n\t\t\t\t\t<\/div>\n\t\t\t\t<\/div>\n\t\t\t\t<section class=\"elementor-section elementor-top-section elementor-element elementor-element-68a60c5e elementor-section-boxed elementor-section-height-default elementor-section-height-default wpr-particle-no wpr-jarallax-no wpr-parallax-no wpr-sticky-section-no wpr-equal-height-no\" data-id=\"68a60c5e\" data-element_type=\"section\" data-e-type=\"section\" data-settings=\"{&quot;background_background&quot;:&quot;classic&quot;}\">\n\t\t\t\t\t\t\t<div class=\"elementor-background-overlay\"><\/div>\n\t\t\t\t\t\t\t<div class=\"elementor-container elementor-column-gap-no\">\n\t\t\t\t\t<div class=\"elementor-column elementor-col-100 elementor-top-column elementor-element elementor-element-51a8bd8a\" data-id=\"51a8bd8a\" data-element_type=\"column\" data-e-type=\"column\" data-settings=\"{&quot;background_background&quot;:&quot;classic&quot;}\">\n\t\t\t<div class=\"elementor-widget-wrap elementor-element-populated\">\n\t\t\t\t\t\t<div class=\"elementor-element elementor-element-1ddeab08 elementor-widget elementor-widget-heading\" data-id=\"1ddeab08\" data-element_type=\"widget\" data-e-type=\"widget\" data-widget_type=\"heading.default\">\n\t\t\t\t<div class=\"elementor-widget-container\">\n\t\t\t\t\t<h2 class=\"elementor-heading-title elementor-size-default\">Vous avez une question ?<\/h2>\t\t\t\t<\/div>\n\t\t\t\t<\/div>\n\t\t\t\t<div class=\"elementor-element elementor-element-26a62be6 elementor-widget-divider--view-line elementor-widget elementor-widget-divider\" data-id=\"26a62be6\" data-element_type=\"widget\" data-e-type=\"widget\" data-widget_type=\"divider.default\">\n\t\t\t\t<div class=\"elementor-widget-container\">\n\t\t\t\t\t\t\t<div class=\"elementor-divider\">\n\t\t\t<span class=\"elementor-divider-separator\">\n\t\t\t\t\t\t<\/span>\n\t\t<\/div>\n\t\t\t\t\t\t<\/div>\n\t\t\t\t<\/div>\n\t\t\t\t<div class=\"elementor-element elementor-element-9bd6595 elementor-align-center elementor-widget__width-initial elementor-widget elementor-widget-button\" data-id=\"9bd6595\" data-element_type=\"widget\" data-e-type=\"widget\" data-widget_type=\"button.default\">\n\t\t\t\t<div class=\"elementor-widget-container\">\n\t\t\t\t\t\t\t\t\t<div class=\"elementor-button-wrapper\">\n\t\t\t\t\t<a class=\"elementor-button elementor-button-link elementor-size-md\" href=\"https:\/\/api.whatsapp.com\/send\/?phone=212613258597&#038;text&#038;type=phone_number&#038;app_absent=0\" target=\"_blank\">\n\t\t\t\t\t\t<span class=\"elementor-button-content-wrapper\">\n\t\t\t\t\t\t\t\t\t<span class=\"elementor-button-text\">CONTACTEZ-NOUS (WHATSAPP)<\/span>\n\t\t\t\t\t<\/span>\n\t\t\t\t\t<\/a>\n\t\t\t\t<\/div>\n\t\t\t\t\t\t\t\t<\/div>\n\t\t\t\t<\/div>\n\t\t\t\t\t<\/div>\n\t\t<\/div>\n\t\t\t\t\t<\/div>\n\t\t<\/section>\n\t\t\t\t<\/div>\n\t\t\n    <div class=\"xs_social_share_widget xs_share_url after_content \t\tmain_content  wslu-style-1 wslu-share-box-shaped wslu-fill-colored wslu-none wslu-share-horizontal wslu-theme-font-no wslu-main_content\">\n\n\t\t\n        <ul>\n\t\t\t        <\/ul>\n    <\/div>","protected":false},"excerpt":{"rendered":"<p>Qui Sommes-nous ? Une exp\u00e9rience ancr\u00e9e dans les instituts d\u2019arabe en \u00c9gypte \ud83c\uddea\ud83c\uddec Le site Cours de Langue Arabe est n\u00e9 d\u2019une exp\u00e9rience concr\u00e8te sur le terrain, directement au c\u0153ur des instituts de langue arabe en \u00c9gypte. En effet, le fondateur a suivi l\u2019apprentissage de l\u2019arabe au sein de l\u2019Institut Al Ibaanah du Caire, reconnu pour la qualit\u00e9 de son enseignement. Le parcours a d\u00e9but\u00e9 de z\u00e9ro et s\u2019est construit progressivement \u00e0 travers neuf niveaux complets. Cette formation rigoureuse a permis de mieux comprendre les difficult\u00e9s rencontr\u00e9es par les \u00e9tudiants francophones souhaitant apprendre l\u2019arabe de mani\u00e8re structur\u00e9e et efficace \ud83d\udcda Une immersion p\u00e9dagogique au sein d\u2019instituts reconnus \ud83c\udf93 Par la suite, plusieurs ann\u00e9es d\u2019exp\u00e9rience dans l\u2019administration des instituts Al Ibaanah et Al Forqane, deux \u00e9tablissements renomm\u00e9s au Caire, ont permis d\u2019accompagner et de suivre des centaines d\u2019\u00e9tudiants. Cette immersion directe a offert une vision claire des m\u00e9thodes p\u00e9dagogiques efficaces, des attentes r\u00e9elles des apprenants, ainsi que de l\u2019importance d\u2019un encadrement s\u00e9rieux, r\u00e9gulier et bienveillant \ud83e\udd1d La naissance de Cours de Langue Arabe.com \ud83c\udf0d C\u2019est ainsi qu\u2019est n\u00e9 le projet Oktoub en 2014, devenu aujourd\u2019hui Cours de Langue Arabe.com (section hommes). Depuis sa cr\u00e9ation, plus de 1 200 \u00e9tudiants ont suivi un cours de langue arabe, alhamdoulillah \ud83e\udd32 L\u2019objectif est rest\u00e9 inchang\u00e9 au fil des ann\u00e9es : faciliter l\u2019acc\u00e8s \u00e0 un enseignement de qualit\u00e9, fid\u00e8le aux programmes appliqu\u00e9s dans les instituts reconnus du monde arabe. Une mission claire et durable \u2728 Aujourd\u2019hui, Cours de Langue Arabe poursuit cette mission avec la m\u00eame exigence. L\u2019accent est mis sur un apprentissage clair, progressif et authentique, tout en conservant un accompagnement humain et motivant. Apprendre l\u2019arabe m\u00e9rite un cadre s\u00e9rieux, structur\u00e9 et porteur de sens. Commencer les cours d&rsquo;arabe Vous avez une question ? CONTACTEZ-NOUS (WHATSAPP)<\/p>","protected":false},"author":1,"featured_media":568,"parent":0,"menu_order":0,"comment_status":"closed","ping_status":"closed","template":"","meta":{"site-sidebar-layout":"no-sidebar","site-content-layout":"","ast-site-content-layout":"full-width-container","site-content-style":"default","site-sidebar-style":"default","ast-global-header-display":"","ast-banner-title-visibility":"","ast-main-header-display":"","ast-hfb-above-header-display":"","ast-hfb-below-header-display":"","ast-hfb-mobile-header-display":"","site-post-title":"disabled","ast-breadcrumbs-content":"","ast-featured-img":"disabled","footer-sml-layout":"","theme-transparent-header-meta":"default","adv-header-id-meta":"","stick-header-meta":"","header-above-stick-meta":"","header-main-stick-meta":"","header-below-stick-meta":"","astra-migrate-meta-layouts":"set","ast-page-background-enabled":"default","ast-page-background-meta":{"desktop":{"background-color":"var(--ast-global-color-4)","background-image":"","background-repeat":"repeat","background-position":"center center","background-size":"auto","background-attachment":"scroll","background-type":"","background-media":"","overlay-type":"","overlay-color":"","overlay-gradient":""},"tablet":{"background-color":"","background-image":"","background-repeat":"repeat","background-position":"center center","background-size":"auto","background-attachment":"scroll","background-type":"","background-media":"","overlay-type":"","overlay-color":"","overlay-gradient":""},"mobile":{"background-color":"","background-image":"","background-repeat":"repeat","background-position":"center center","background-size":"auto","background-attachment":"scroll","background-type":"","background-media":"","overlay-type":"","overlay-color":"","overlay-gradient":""}},"ast-content-background-meta":{"desktop":{"background-color":"var(--ast-global-color-5)","background-image":"","background-repeat":"repeat","background-position":"center center","background-size":"auto","background-attachment":"scroll","background-type":"","background-media":"","overlay-type":"","overlay-color":"","overlay-gradient":""},"tablet":{"background-color":"var(--ast-global-color-5)","background-image":"","background-repeat":"repeat","background-position":"center center","background-size":"auto","background-attachment":"scroll","background-type":"","background-media":"","overlay-type":"","overlay-color":"","overlay-gradient":""},"mobile":{"background-color":"var(--ast-global-color-5)","background-image":"","background-repeat":"repeat","background-position":"center center","background-size":"auto","background-attachment":"scroll","background-type":"","background-media":"","overlay-type":"","overlay-color":"","overlay-gradient":""}},"_joinchat":[],"footnotes":""},"class_list":["post-809","page","type-page","status-publish","has-post-thumbnail","hentry"],"yoast_head":"<!-- This site is optimized with the Yoast SEO plugin v27.5 - https:\/\/yoast.com\/product\/yoast-seo-wordpress\/ -->\n<title>Cours de Langue Arabe \u2013 Notre histoire et notre mission.<\/title>\n<meta name=\"description\" content=\"D\u00e9couvrez l\u2019histoire de Cours de Langue Arabe, n\u00e9 en \u00c9gypte, et sa mission : proposer un apprentissage structur\u00e9 et authentique.\" \/>\n<meta name=\"robots\" content=\"index, follow, max-snippet:-1, max-image-preview:large, max-video-preview:-1\" \/>\n<link rel=\"canonical\" href=\"https:\/\/www.coursdelanguearabe.com\/en\/cours-de-langue-arabe-2\/\" \/>\n<meta property=\"og:locale\" content=\"en_US\" \/>\n<meta property=\"og:type\" content=\"article\" \/>\n<meta property=\"og:title\" content=\"Cours de Langue Arabe \u2013 Notre histoire et notre mission.\" \/>\n<meta property=\"og:description\" content=\"D\u00e9couvrez l\u2019histoire de Cours de Langue Arabe, n\u00e9 en \u00c9gypte, et sa mission : proposer un apprentissage structur\u00e9 et authentique.\" \/>\n<meta property=\"og:url\" content=\"https:\/\/www.coursdelanguearabe.com\/en\/cours-de-langue-arabe-2\/\" \/>\n<meta property=\"og:site_name\" content=\"Cours de Langue Arabe\" \/>\n<meta property=\"article:publisher\" content=\"https:\/\/www.facebook.com\/courslanguearabe\/\" \/>\n<meta property=\"article:modified_time\" content=\"2026-02-02T11:21:58+00:00\" \/>\n<meta property=\"og:image\" content=\"https:\/\/www.coursdelanguearabe.com\/wp-content\/uploads\/2024\/12\/Egypte-1.png\" \/>\n\t<meta property=\"og:image:width\" content=\"960\" \/>\n\t<meta property=\"og:image:height\" content=\"540\" \/>\n\t<meta property=\"og:image:type\" content=\"image\/png\" \/>\n<meta name=\"twitter:card\" content=\"summary_large_image\" \/>\n<meta name=\"twitter:label1\" content=\"Est. reading time\" \/>\n\t<meta name=\"twitter:data1\" content=\"6 minutes\" \/>\n<script type=\"application\/ld+json\" class=\"yoast-schema-graph\">{\"@context\":\"https:\\\/\\\/schema.org\",\"@graph\":[{\"@type\":\"WebPage\",\"@id\":\"https:\\\/\\\/www.coursdelanguearabe.com\\\/cours-de-langue-arabe-2\\\/\",\"url\":\"https:\\\/\\\/www.coursdelanguearabe.com\\\/cours-de-langue-arabe-2\\\/\",\"name\":\"Cours de Langue Arabe \u2013 Notre histoire et notre mission.\",\"isPartOf\":{\"@id\":\"https:\\\/\\\/www.coursdelanguearabe.com\\\/#website\"},\"primaryImageOfPage\":{\"@id\":\"https:\\\/\\\/www.coursdelanguearabe.com\\\/cours-de-langue-arabe-2\\\/#primaryimage\"},\"image\":{\"@id\":\"https:\\\/\\\/www.coursdelanguearabe.com\\\/cours-de-langue-arabe-2\\\/#primaryimage\"},\"thumbnailUrl\":\"https:\\\/\\\/www.coursdelanguearabe.com\\\/wp-content\\\/uploads\\\/2024\\\/12\\\/Egypte-1.png\",\"datePublished\":\"2026-01-06T22:10:43+00:00\",\"dateModified\":\"2026-02-02T11:21:58+00:00\",\"description\":\"D\u00e9couvrez l\u2019histoire de Cours de Langue Arabe, n\u00e9 en \u00c9gypte, et sa mission : proposer un apprentissage structur\u00e9 et authentique.\",\"breadcrumb\":{\"@id\":\"https:\\\/\\\/www.coursdelanguearabe.com\\\/cours-de-langue-arabe-2\\\/#breadcrumb\"},\"inLanguage\":\"en-US\",\"potentialAction\":[{\"@type\":\"ReadAction\",\"target\":[\"https:\\\/\\\/www.coursdelanguearabe.com\\\/cours-de-langue-arabe-2\\\/\"]}]},{\"@type\":\"ImageObject\",\"inLanguage\":\"en-US\",\"@id\":\"https:\\\/\\\/www.coursdelanguearabe.com\\\/cours-de-langue-arabe-2\\\/#primaryimage\",\"url\":\"https:\\\/\\\/www.coursdelanguearabe.com\\\/wp-content\\\/uploads\\\/2024\\\/12\\\/Egypte-1.png\",\"contentUrl\":\"https:\\\/\\\/www.coursdelanguearabe.com\\\/wp-content\\\/uploads\\\/2024\\\/12\\\/Egypte-1.png\",\"width\":960,\"height\":540,\"caption\":\"cours de langue arabe\"},{\"@type\":\"BreadcrumbList\",\"@id\":\"https:\\\/\\\/www.coursdelanguearabe.com\\\/cours-de-langue-arabe-2\\\/#breadcrumb\",\"itemListElement\":[{\"@type\":\"ListItem\",\"position\":1,\"name\":\"Home\",\"item\":\"https:\\\/\\\/www.coursdelanguearabe.com\\\/\"},{\"@type\":\"ListItem\",\"position\":2,\"name\":\"Qui sommes-nous ?\"}]},{\"@type\":\"WebSite\",\"@id\":\"https:\\\/\\\/www.coursdelanguearabe.com\\\/#website\",\"url\":\"https:\\\/\\\/www.coursdelanguearabe.com\\\/\",\"name\":\"Cours de Langue Arabe\",\"description\":\"Cours de langue arabe en ligne\",\"publisher\":{\"@id\":\"https:\\\/\\\/www.coursdelanguearabe.com\\\/#organization\"},\"potentialAction\":[{\"@type\":\"SearchAction\",\"target\":{\"@type\":\"EntryPoint\",\"urlTemplate\":\"https:\\\/\\\/www.coursdelanguearabe.com\\\/?s={search_term_string}\"},\"query-input\":{\"@type\":\"PropertyValueSpecification\",\"valueRequired\":true,\"valueName\":\"search_term_string\"}}],\"inLanguage\":\"en-US\"},{\"@type\":\"Organization\",\"@id\":\"https:\\\/\\\/www.coursdelanguearabe.com\\\/#organization\",\"name\":\"Cours de Langue Arabe\",\"url\":\"https:\\\/\\\/www.coursdelanguearabe.com\\\/\",\"logo\":{\"@type\":\"ImageObject\",\"inLanguage\":\"en-US\",\"@id\":\"https:\\\/\\\/www.coursdelanguearabe.com\\\/#\\\/schema\\\/logo\\\/image\\\/\",\"url\":\"https:\\\/\\\/www.coursdelanguearabe.com\\\/wp-content\\\/uploads\\\/2026\\\/02\\\/cropped-cropped-cropped-Lance-Ton-Merkez-19-1.png\",\"contentUrl\":\"https:\\\/\\\/www.coursdelanguearabe.com\\\/wp-content\\\/uploads\\\/2026\\\/02\\\/cropped-cropped-cropped-Lance-Ton-Merkez-19-1.png\",\"width\":512,\"height\":512,\"caption\":\"Cours de Langue Arabe\"},\"image\":{\"@id\":\"https:\\\/\\\/www.coursdelanguearabe.com\\\/#\\\/schema\\\/logo\\\/image\\\/\"},\"sameAs\":[\"https:\\\/\\\/www.facebook.com\\\/courslanguearabe\\\/\"]}]}<\/script>\n<!-- \/ Yoast SEO plugin. -->","yoast_head_json":{"title":"Cours de Langue Arabe \u2013 Notre histoire et notre mission.","description":"D\u00e9couvrez l\u2019histoire de Cours de Langue Arabe, n\u00e9 en \u00c9gypte, et sa mission : proposer un apprentissage structur\u00e9 et authentique.","robots":{"index":"index","follow":"follow","max-snippet":"max-snippet:-1","max-image-preview":"max-image-preview:large","max-video-preview":"max-video-preview:-1"},"canonical":"https:\/\/www.coursdelanguearabe.com\/en\/cours-de-langue-arabe-2\/","og_locale":"en_US","og_type":"article","og_title":"Cours de Langue Arabe \u2013 Notre histoire et notre mission.","og_description":"D\u00e9couvrez l\u2019histoire de Cours de Langue Arabe, n\u00e9 en \u00c9gypte, et sa mission : proposer un apprentissage structur\u00e9 et authentique.","og_url":"https:\/\/www.coursdelanguearabe.com\/en\/cours-de-langue-arabe-2\/","og_site_name":"Cours de Langue Arabe","article_publisher":"https:\/\/www.facebook.com\/courslanguearabe\/","article_modified_time":"2026-02-02T11:21:58+00:00","og_image":[{"width":960,"height":540,"url":"https:\/\/www.coursdelanguearabe.com\/wp-content\/uploads\/2024\/12\/Egypte-1.png","type":"image\/png"}],"twitter_card":"summary_large_image","twitter_misc":{"Est. reading time":"6 minutes"},"schema":{"@context":"https:\/\/schema.org","@graph":[{"@type":"WebPage","@id":"https:\/\/www.coursdelanguearabe.com\/cours-de-langue-arabe-2\/","url":"https:\/\/www.coursdelanguearabe.com\/cours-de-langue-arabe-2\/","name":"Cours de Langue Arabe \u2013 Notre histoire et notre mission.","isPartOf":{"@id":"https:\/\/www.coursdelanguearabe.com\/#website"},"primaryImageOfPage":{"@id":"https:\/\/www.coursdelanguearabe.com\/cours-de-langue-arabe-2\/#primaryimage"},"image":{"@id":"https:\/\/www.coursdelanguearabe.com\/cours-de-langue-arabe-2\/#primaryimage"},"thumbnailUrl":"https:\/\/www.coursdelanguearabe.com\/wp-content\/uploads\/2024\/12\/Egypte-1.png","datePublished":"2026-01-06T22:10:43+00:00","dateModified":"2026-02-02T11:21:58+00:00","description":"D\u00e9couvrez l\u2019histoire de Cours de Langue Arabe, n\u00e9 en \u00c9gypte, et sa mission : proposer un apprentissage structur\u00e9 et authentique.","breadcrumb":{"@id":"https:\/\/www.coursdelanguearabe.com\/cours-de-langue-arabe-2\/#breadcrumb"},"inLanguage":"en-US","potentialAction":[{"@type":"ReadAction","target":["https:\/\/www.coursdelanguearabe.com\/cours-de-langue-arabe-2\/"]}]},{"@type":"ImageObject","inLanguage":"en-US","@id":"https:\/\/www.coursdelanguearabe.com\/cours-de-langue-arabe-2\/#primaryimage","url":"https:\/\/www.coursdelanguearabe.com\/wp-content\/uploads\/2024\/12\/Egypte-1.png","contentUrl":"https:\/\/www.coursdelanguearabe.com\/wp-content\/uploads\/2024\/12\/Egypte-1.png","width":960,"height":540,"caption":"cours de langue arabe"},{"@type":"BreadcrumbList","@id":"https:\/\/www.coursdelanguearabe.com\/cours-de-langue-arabe-2\/#breadcrumb","itemListElement":[{"@type":"ListItem","position":1,"name":"Home","item":"https:\/\/www.coursdelanguearabe.com\/"},{"@type":"ListItem","position":2,"name":"Qui sommes-nous ?"}]},{"@type":"WebSite","@id":"https:\/\/www.coursdelanguearabe.com\/#website","url":"https:\/\/www.coursdelanguearabe.com\/","name":"Arabic Language Course","description":"Cours de langue arabe en ligne","publisher":{"@id":"https:\/\/www.coursdelanguearabe.com\/#organization"},"potentialAction":[{"@type":"SearchAction","target":{"@type":"EntryPoint","urlTemplate":"https:\/\/www.coursdelanguearabe.com\/?s={search_term_string}"},"query-input":{"@type":"PropertyValueSpecification","valueRequired":true,"valueName":"search_term_string"}}],"inLanguage":"en-US"},{"@type":"Organization","@id":"https:\/\/www.coursdelanguearabe.com\/#organization","name":"Arabic Language Course","url":"https:\/\/www.coursdelanguearabe.com\/","logo":{"@type":"ImageObject","inLanguage":"en-US","@id":"https:\/\/www.coursdelanguearabe.com\/#\/schema\/logo\/image\/","url":"https:\/\/www.coursdelanguearabe.com\/wp-content\/uploads\/2026\/02\/cropped-cropped-cropped-Lance-Ton-Merkez-19-1.png","contentUrl":"https:\/\/www.coursdelanguearabe.com\/wp-content\/uploads\/2026\/02\/cropped-cropped-cropped-Lance-Ton-Merkez-19-1.png","width":512,"height":512,"caption":"Cours de Langue Arabe"},"image":{"@id":"https:\/\/www.coursdelanguearabe.com\/#\/schema\/logo\/image\/"},"sameAs":["https:\/\/www.facebook.com\/courslanguearabe\/"]}]}},"_links":{"self":[{"href":"https:\/\/www.coursdelanguearabe.com\/en\/wp-json\/wp\/v2\/pages\/809","targetHints":{"allow":["GET"]}}],"collection":[{"href":"https:\/\/www.coursdelanguearabe.com\/en\/wp-json\/wp\/v2\/pages"}],"about":[{"href":"https:\/\/www.coursdelanguearabe.com\/en\/wp-json\/wp\/v2\/types\/page"}],"author":[{"embeddable":true,"href":"https:\/\/www.coursdelanguearabe.com\/en\/wp-json\/wp\/v2\/users\/1"}],"replies":[{"embeddable":true,"href":"https:\/\/www.coursdelanguearabe.com\/en\/wp-json\/wp\/v2\/comments?post=809"}],"version-history":[{"count":33,"href":"https:\/\/www.coursdelanguearabe.com\/en\/wp-json\/wp\/v2\/pages\/809\/revisions"}],"predecessor-version":[{"id":2081,"href":"https:\/\/www.coursdelanguearabe.com\/en\/wp-json\/wp\/v2\/pages\/809\/revisions\/2081"}],"wp:featuredmedia":[{"embeddable":true,"href":"https:\/\/www.coursdelanguearabe.com\/en\/wp-json\/wp\/v2\/media\/568"}],"wp:attachment":[{"href":"https:\/\/www.coursdelanguearabe.com\/en\/wp-json\/wp\/v2\/media?parent=809"}],"curies":[{"name":"wp","href":"https:\/\/api.w.org\/{rel}","templated":true}]}}