{"id":1411,"date":"2026-01-15T14:41:34","date_gmt":"2026-01-15T14:41:34","guid":{"rendered":"https:\/\/www.coursdelanguearabe.com\/?post_type=product&#038;p=1411"},"modified":"2026-02-09T12:31:45","modified_gmt":"2026-02-09T12:31:45","slug":"fiches-de-vocabulaire-illustrees-liees-au-programme-al-forqane","status":"publish","type":"product","link":"https:\/\/www.coursdelanguearabe.com\/en\/product\/fiches-de-vocabulaire-illustrees-liees-au-programme-al-forqane\/","title":{"rendered":"Illustrated vocabulary cards related to the Al-Forqane program"},"content":{"rendered":"<div class=\"wpb_text_column wpb_content_element vc_custom_1572206809717\">\n<div class=\"wpb_wrapper\">\n<p data-start=\"278\" data-end=\"551\">The <strong data-start=\"282\" data-end=\"324\">illustrated Arabic vocabulary cards<\/strong> The Al-Forqane program's flashcards are designed to facilitate vocabulary review. They include audio \ud83d\udd0a, images \ud83d\uddbc\ufe0f, and examples \u270d\ufe0f, and are accessible via the app. <strong data-start=\"505\" data-end=\"513\">Anki<\/strong>, a modern and interactive solution.<\/p>\n<p data-start=\"553\" data-end=\"729\">These cards can be used to practice vocabulary. <strong data-start=\"611\" data-end=\"624\">step by step<\/strong>, with a clear and structured approach. They reinforce both understanding and memorization.<\/p>\n<p data-start=\"731\" data-end=\"928\">Thanks to these <strong data-start=\"743\" data-end=\"785\">illustrated Arabic vocabulary cards<\/strong>, you review <strong data-start=\"800\" data-end=\"821\">more than 1,000 words<\/strong> in a fun \ud83c\udfaf and practical way. This way, you avoid constantly reopening your PDF books or notebooks.<\/p>\n<p data-start=\"930\" data-end=\"1107\">In addition, this system promotes a <strong data-start=\"963\" data-end=\"987\">long-term memory<\/strong> \ud83e\udde0. It makes daily revision smoother and more motivating. It also adapts to each learner's pace.<\/p>\n<p data-start=\"1109\" data-end=\"1283\">As a result, Anki flashcards are an ideal tool for regular review, consolidating vocabulary, and making steady progress through the Al-Forqane program.<\/p>\n<p data-start=\"1285\" data-end=\"1502\">\ud83d\udd14 <strong data-start=\"1288\" data-end=\"1299\">Please note<\/strong> : revision sheets for the <strong data-start=\"1328\" data-end=\"1357\">level of oral expression<\/strong> are not included, as the book was received later.<br data-start=\"1419\" data-end=\"1422\" \/>Similarly, the files of the <strong data-start=\"1445\" data-end=\"1458\">moustawa 10<\/strong> are not available in this version.<\/p>\n<\/div>\n<\/div>\n\n    <div class=\"xs_social_share_widget xs_share_url after_content \t\tmain_content  wslu-style-1 wslu-share-box-shaped wslu-fill-colored wslu-none wslu-share-horizontal wslu-theme-font-no wslu-main_content\">\n\n\t\t\n        <ul>\n\t\t\t        <\/ul>\n    <\/div>","protected":false},"excerpt":{"rendered":"<div class=\"wpb_text_column wpb_content_element vc_custom_1572206809717\">\n<div class=\"wpb_wrapper\">\n<p>Fiches de vocabulaire illustr\u00e9es li\u00e9es au programme <strong data-start=\"202\" data-end=\"216\">Al-Forqane<\/strong>, con\u00e7ues par l\u2019Institut <strong class=\"yoast-text-mark\" data-st=\"\">art=&nbsp;&raquo;241&Prime; data-end=&nbsp;&raquo;251&Prime;&gt;&amp;gt;Oktoub&lt;\/strong&gt; via l&rsquo;application <strong data-start=\"270\" data-end=\"278\">Anki<\/strong>. Chaque fiche associe <strong data-start=\"301\" data-end=\"326\">sound, image, and example<\/strong> pour faciliter la m\u00e9morisation. Ce support interactif permet de r\u00e9viser <strong data-start=\"399\" data-end=\"420\">more than 1,000 words<\/strong> de mani\u00e8re ludique, efficace et adapt\u00e9e \u00e0 votre rythme, sans avoir \u00e0 rouvrir vos livres ou cahiers. Un outil id\u00e9al pour renforcer durablement votre vocabulaire arabe.<\/strong><\/p>\n<\/div>\n<\/div>\n<div class=\"wpb_text_column wpb_content_element vc_custom_1572206821019\">\n<p>\u00a0&lt;\/p&gt;&lt;\/div&gt;<\/p>\n<\/div>","protected":false},"featured_media":1448,"template":"","meta":{"site-sidebar-layout":"default","site-content-layout":"","ast-site-content-layout":"default","site-content-style":"default","site-sidebar-style":"default","ast-global-header-display":"","ast-banner-title-visibility":"","ast-main-header-display":"","ast-hfb-above-header-display":"","ast-hfb-below-header-display":"","ast-hfb-mobile-header-display":"","site-post-title":"","ast-breadcrumbs-content":"","ast-featured-img":"","footer-sml-layout":"","theme-transparent-header-meta":"default","adv-header-id-meta":"","stick-header-meta":"","header-above-stick-meta":"","header-main-stick-meta":"","header-below-stick-meta":"","astra-migrate-meta-layouts":"set","ast-page-background-enabled":"default","ast-page-background-meta":{"desktop":{"background-color":"var(--ast-global-color-4)","background-image":"","background-repeat":"repeat","background-position":"center center","background-size":"auto","background-attachment":"scroll","background-type":"","background-media":"","overlay-type":"","overlay-color":"","overlay-gradient":""},"tablet":{"background-color":"","background-image":"","background-repeat":"repeat","background-position":"center center","background-size":"auto","background-attachment":"scroll","background-type":"","background-media":"","overlay-type":"","overlay-color":"","overlay-gradient":""},"mobile":{"background-color":"","background-image":"","background-repeat":"repeat","background-position":"center center","background-size":"auto","background-attachment":"scroll","background-type":"","background-media":"","overlay-type":"","overlay-color":"","overlay-gradient":""}},"ast-content-background-meta":{"desktop":{"background-color":"var(--ast-global-color-5)","background-image":"","background-repeat":"repeat","background-position":"center center","background-size":"auto","background-attachment":"scroll","background-type":"","background-media":"","overlay-type":"","overlay-color":"","overlay-gradient":""},"tablet":{"background-color":"var(--ast-global-color-5)","background-image":"","background-repeat":"repeat","background-position":"center center","background-size":"auto","background-attachment":"scroll","background-type":"","background-media":"","overlay-type":"","overlay-color":"","overlay-gradient":""},"mobile":{"background-color":"var(--ast-global-color-5)","background-image":"","background-repeat":"repeat","background-position":"center center","background-size":"auto","background-attachment":"scroll","background-type":"","background-media":"","overlay-type":"","overlay-color":"","overlay-gradient":""}},"_joinchat":[]},"product_brand":[],"product_cat":[28,29,23],"product_tag":[88,93,79,97,89,87,77,84],"class_list":{"0":"post-1411","1":"product","2":"type-product","3":"status-publish","4":"has-post-thumbnail","6":"product_cat-fiches-anki","7":"product_cat-livre-expression-orale","8":"product_cat-livres-langue-arabe","9":"product_tag-anki","10":"product_tag-apprentissage-interactif","11":"product_tag-debutants","12":"product_tag-fiches-de-revision","13":"product_tag-livres-al-forqane","14":"product_tag-memorisation","15":"product_tag-methode-al-forqane","16":"product_tag-vocabulaire-arabe","17":"desktop-align-left","18":"tablet-align-left","19":"mobile-align-left","21":"first","22":"instock","23":"sale","24":"shipping-taxable","25":"purchasable","26":"product-type-variable"},"yoast_head":"<!-- This site is optimized with the Yoast SEO plugin v27.5 - https:\/\/yoast.com\/product\/yoast-seo-wordpress\/ -->\n<title>Fiches de vocabulaire arabe Al Forqane \u2013 R\u00e9vision efficace<\/title>\n<meta name=\"description\" content=\"Fiches de vocabulaire arabe illustr\u00e9es Al-Forqane avec son, image et exemples. R\u00e9visez plus de 1000 mots facilement gr\u00e2ce \u00e0 Anki.\" \/>\n<meta name=\"robots\" content=\"index, follow, max-snippet:-1, max-image-preview:large, max-video-preview:-1\" \/>\n<link rel=\"canonical\" href=\"https:\/\/www.coursdelanguearabe.com\/en\/product\/fiches-de-vocabulaire-illustrees-liees-au-programme-al-forqane\/\" \/>\n<meta property=\"og:locale\" content=\"en_US\" \/>\n<meta property=\"og:type\" content=\"article\" \/>\n<meta property=\"og:title\" content=\"Fiches de vocabulaire arabe Al Forqane \u2013 R\u00e9vision efficace\" \/>\n<meta property=\"og:description\" content=\"Fiches de vocabulaire arabe illustr\u00e9es Al-Forqane avec son, image et exemples. R\u00e9visez plus de 1000 mots facilement gr\u00e2ce \u00e0 Anki.\" \/>\n<meta property=\"og:url\" content=\"https:\/\/www.coursdelanguearabe.com\/en\/product\/fiches-de-vocabulaire-illustrees-liees-au-programme-al-forqane\/\" \/>\n<meta property=\"og:site_name\" content=\"Cours de Langue Arabe\" \/>\n<meta property=\"article:publisher\" content=\"https:\/\/www.facebook.com\/courslanguearabe\/\" \/>\n<meta property=\"article:modified_time\" content=\"2026-02-09T12:31:45+00:00\" \/>\n<meta property=\"og:image\" content=\"https:\/\/www.coursdelanguearabe.com\/wp-content\/uploads\/2026\/01\/2023-08-12-13_15_20-e1694806716232-1.png\" \/>\n\t<meta property=\"og:image:width\" content=\"1000\" \/>\n\t<meta property=\"og:image:height\" content=\"542\" \/>\n\t<meta property=\"og:image:type\" content=\"image\/png\" \/>\n<meta name=\"twitter:card\" content=\"summary_large_image\" \/>\n<meta name=\"twitter:label1\" content=\"Est. reading time\" \/>\n\t<meta name=\"twitter:data1\" content=\"2 minutes\" \/>\n<script type=\"application\/ld+json\" class=\"yoast-schema-graph\">{\"@context\":\"https:\\\/\\\/schema.org\",\"@graph\":[{\"@type\":\"WebPage\",\"@id\":\"https:\\\/\\\/www.coursdelanguearabe.com\\\/produit\\\/fiches-de-vocabulaire-illustrees-liees-au-programme-al-forqane\\\/\",\"url\":\"https:\\\/\\\/www.coursdelanguearabe.com\\\/produit\\\/fiches-de-vocabulaire-illustrees-liees-au-programme-al-forqane\\\/\",\"name\":\"Fiches de vocabulaire arabe Al Forqane \u2013 R\u00e9vision efficace\",\"isPartOf\":{\"@id\":\"https:\\\/\\\/www.coursdelanguearabe.com\\\/#website\"},\"primaryImageOfPage\":{\"@id\":\"https:\\\/\\\/www.coursdelanguearabe.com\\\/produit\\\/fiches-de-vocabulaire-illustrees-liees-au-programme-al-forqane\\\/#primaryimage\"},\"image\":{\"@id\":\"https:\\\/\\\/www.coursdelanguearabe.com\\\/produit\\\/fiches-de-vocabulaire-illustrees-liees-au-programme-al-forqane\\\/#primaryimage\"},\"thumbnailUrl\":\"https:\\\/\\\/www.coursdelanguearabe.com\\\/wp-content\\\/uploads\\\/2026\\\/01\\\/2023-08-12-13_15_20-e1694806716232-1.png\",\"datePublished\":\"2026-01-15T14:41:34+00:00\",\"dateModified\":\"2026-02-09T12:31:45+00:00\",\"description\":\"Fiches de vocabulaire arabe illustr\u00e9es Al-Forqane avec son, image et exemples. R\u00e9visez plus de 1000 mots facilement gr\u00e2ce \u00e0 Anki.\",\"breadcrumb\":{\"@id\":\"https:\\\/\\\/www.coursdelanguearabe.com\\\/produit\\\/fiches-de-vocabulaire-illustrees-liees-au-programme-al-forqane\\\/#breadcrumb\"},\"inLanguage\":\"en-US\",\"potentialAction\":[{\"@type\":\"ReadAction\",\"target\":[\"https:\\\/\\\/www.coursdelanguearabe.com\\\/produit\\\/fiches-de-vocabulaire-illustrees-liees-au-programme-al-forqane\\\/\"]}]},{\"@type\":\"ImageObject\",\"inLanguage\":\"en-US\",\"@id\":\"https:\\\/\\\/www.coursdelanguearabe.com\\\/produit\\\/fiches-de-vocabulaire-illustrees-liees-au-programme-al-forqane\\\/#primaryimage\",\"url\":\"https:\\\/\\\/www.coursdelanguearabe.com\\\/wp-content\\\/uploads\\\/2026\\\/01\\\/2023-08-12-13_15_20-e1694806716232-1.png\",\"contentUrl\":\"https:\\\/\\\/www.coursdelanguearabe.com\\\/wp-content\\\/uploads\\\/2026\\\/01\\\/2023-08-12-13_15_20-e1694806716232-1.png\",\"width\":1000,\"height\":542,\"caption\":\"fiches de vocabulaire arabe\"},{\"@type\":\"BreadcrumbList\",\"@id\":\"https:\\\/\\\/www.coursdelanguearabe.com\\\/produit\\\/fiches-de-vocabulaire-illustrees-liees-au-programme-al-forqane\\\/#breadcrumb\",\"itemListElement\":[{\"@type\":\"ListItem\",\"position\":1,\"name\":\"Home\",\"item\":\"https:\\\/\\\/www.coursdelanguearabe.com\\\/\"},{\"@type\":\"ListItem\",\"position\":2,\"name\":\"Cours d\u2019arabe &#038; livres\",\"item\":\"https:\\\/\\\/www.coursdelanguearabe.com\\\/cours-darabe-livres\\\/\"},{\"@type\":\"ListItem\",\"position\":3,\"name\":\"Fiches de vocabulaire illustr\u00e9es li\u00e9es au programme Al-Forqane\"}]},{\"@type\":\"WebSite\",\"@id\":\"https:\\\/\\\/www.coursdelanguearabe.com\\\/#website\",\"url\":\"https:\\\/\\\/www.coursdelanguearabe.com\\\/\",\"name\":\"Cours de Langue Arabe\",\"description\":\"Cours de langue arabe en ligne\",\"publisher\":{\"@id\":\"https:\\\/\\\/www.coursdelanguearabe.com\\\/#organization\"},\"potentialAction\":[{\"@type\":\"SearchAction\",\"target\":{\"@type\":\"EntryPoint\",\"urlTemplate\":\"https:\\\/\\\/www.coursdelanguearabe.com\\\/?s={search_term_string}\"},\"query-input\":{\"@type\":\"PropertyValueSpecification\",\"valueRequired\":true,\"valueName\":\"search_term_string\"}}],\"inLanguage\":\"en-US\"},{\"@type\":\"Organization\",\"@id\":\"https:\\\/\\\/www.coursdelanguearabe.com\\\/#organization\",\"name\":\"Cours de Langue Arabe\",\"url\":\"https:\\\/\\\/www.coursdelanguearabe.com\\\/\",\"logo\":{\"@type\":\"ImageObject\",\"inLanguage\":\"en-US\",\"@id\":\"https:\\\/\\\/www.coursdelanguearabe.com\\\/#\\\/schema\\\/logo\\\/image\\\/\",\"url\":\"https:\\\/\\\/www.coursdelanguearabe.com\\\/wp-content\\\/uploads\\\/2026\\\/02\\\/cropped-cropped-cropped-Lance-Ton-Merkez-19-1.png\",\"contentUrl\":\"https:\\\/\\\/www.coursdelanguearabe.com\\\/wp-content\\\/uploads\\\/2026\\\/02\\\/cropped-cropped-cropped-Lance-Ton-Merkez-19-1.png\",\"width\":512,\"height\":512,\"caption\":\"Cours de Langue Arabe\"},\"image\":{\"@id\":\"https:\\\/\\\/www.coursdelanguearabe.com\\\/#\\\/schema\\\/logo\\\/image\\\/\"},\"sameAs\":[\"https:\\\/\\\/www.facebook.com\\\/courslanguearabe\\\/\"]}]}<\/script>\n<!-- \/ Yoast SEO plugin. -->","yoast_head_json":{"title":"Fiches de vocabulaire arabe Al Forqane \u2013 R\u00e9vision efficace","description":"Fiches de vocabulaire arabe illustr\u00e9es Al-Forqane avec son, image et exemples. R\u00e9visez plus de 1000 mots facilement gr\u00e2ce \u00e0 Anki.","robots":{"index":"index","follow":"follow","max-snippet":"max-snippet:-1","max-image-preview":"max-image-preview:large","max-video-preview":"max-video-preview:-1"},"canonical":"https:\/\/www.coursdelanguearabe.com\/en\/product\/fiches-de-vocabulaire-illustrees-liees-au-programme-al-forqane\/","og_locale":"en_US","og_type":"article","og_title":"Fiches de vocabulaire arabe Al Forqane \u2013 R\u00e9vision efficace","og_description":"Fiches de vocabulaire arabe illustr\u00e9es Al-Forqane avec son, image et exemples. R\u00e9visez plus de 1000 mots facilement gr\u00e2ce \u00e0 Anki.","og_url":"https:\/\/www.coursdelanguearabe.com\/en\/product\/fiches-de-vocabulaire-illustrees-liees-au-programme-al-forqane\/","og_site_name":"Cours de Langue Arabe","article_publisher":"https:\/\/www.facebook.com\/courslanguearabe\/","article_modified_time":"2026-02-09T12:31:45+00:00","og_image":[{"width":1000,"height":542,"url":"https:\/\/www.coursdelanguearabe.com\/wp-content\/uploads\/2026\/01\/2023-08-12-13_15_20-e1694806716232-1.png","type":"image\/png"}],"twitter_card":"summary_large_image","twitter_misc":{"Est. reading time":"2 minutes"},"schema":{"@context":"https:\/\/schema.org","@graph":[{"@type":"WebPage","@id":"https:\/\/www.coursdelanguearabe.com\/produit\/fiches-de-vocabulaire-illustrees-liees-au-programme-al-forqane\/","url":"https:\/\/www.coursdelanguearabe.com\/produit\/fiches-de-vocabulaire-illustrees-liees-au-programme-al-forqane\/","name":"Fiches de vocabulaire arabe Al Forqane \u2013 R\u00e9vision efficace","isPartOf":{"@id":"https:\/\/www.coursdelanguearabe.com\/#website"},"primaryImageOfPage":{"@id":"https:\/\/www.coursdelanguearabe.com\/produit\/fiches-de-vocabulaire-illustrees-liees-au-programme-al-forqane\/#primaryimage"},"image":{"@id":"https:\/\/www.coursdelanguearabe.com\/produit\/fiches-de-vocabulaire-illustrees-liees-au-programme-al-forqane\/#primaryimage"},"thumbnailUrl":"https:\/\/www.coursdelanguearabe.com\/wp-content\/uploads\/2026\/01\/2023-08-12-13_15_20-e1694806716232-1.png","datePublished":"2026-01-15T14:41:34+00:00","dateModified":"2026-02-09T12:31:45+00:00","description":"Fiches de vocabulaire arabe illustr\u00e9es Al-Forqane avec son, image et exemples. R\u00e9visez plus de 1000 mots facilement gr\u00e2ce \u00e0 Anki.","breadcrumb":{"@id":"https:\/\/www.coursdelanguearabe.com\/produit\/fiches-de-vocabulaire-illustrees-liees-au-programme-al-forqane\/#breadcrumb"},"inLanguage":"en-US","potentialAction":[{"@type":"ReadAction","target":["https:\/\/www.coursdelanguearabe.com\/produit\/fiches-de-vocabulaire-illustrees-liees-au-programme-al-forqane\/"]}]},{"@type":"ImageObject","inLanguage":"en-US","@id":"https:\/\/www.coursdelanguearabe.com\/produit\/fiches-de-vocabulaire-illustrees-liees-au-programme-al-forqane\/#primaryimage","url":"https:\/\/www.coursdelanguearabe.com\/wp-content\/uploads\/2026\/01\/2023-08-12-13_15_20-e1694806716232-1.png","contentUrl":"https:\/\/www.coursdelanguearabe.com\/wp-content\/uploads\/2026\/01\/2023-08-12-13_15_20-e1694806716232-1.png","width":1000,"height":542,"caption":"fiches de vocabulaire arabe"},{"@type":"BreadcrumbList","@id":"https:\/\/www.coursdelanguearabe.com\/produit\/fiches-de-vocabulaire-illustrees-liees-au-programme-al-forqane\/#breadcrumb","itemListElement":[{"@type":"ListItem","position":1,"name":"Home","item":"https:\/\/www.coursdelanguearabe.com\/"},{"@type":"ListItem","position":2,"name":"Cours d\u2019arabe &#038; livres","item":"https:\/\/www.coursdelanguearabe.com\/cours-darabe-livres\/"},{"@type":"ListItem","position":3,"name":"Fiches de vocabulaire illustr\u00e9es li\u00e9es au programme Al-Forqane"}]},{"@type":"WebSite","@id":"https:\/\/www.coursdelanguearabe.com\/#website","url":"https:\/\/www.coursdelanguearabe.com\/","name":"Arabic Language Course","description":"Cours de langue arabe en ligne","publisher":{"@id":"https:\/\/www.coursdelanguearabe.com\/#organization"},"potentialAction":[{"@type":"SearchAction","target":{"@type":"EntryPoint","urlTemplate":"https:\/\/www.coursdelanguearabe.com\/?s={search_term_string}"},"query-input":{"@type":"PropertyValueSpecification","valueRequired":true,"valueName":"search_term_string"}}],"inLanguage":"en-US"},{"@type":"Organization","@id":"https:\/\/www.coursdelanguearabe.com\/#organization","name":"Arabic Language Course","url":"https:\/\/www.coursdelanguearabe.com\/","logo":{"@type":"ImageObject","inLanguage":"en-US","@id":"https:\/\/www.coursdelanguearabe.com\/#\/schema\/logo\/image\/","url":"https:\/\/www.coursdelanguearabe.com\/wp-content\/uploads\/2026\/02\/cropped-cropped-cropped-Lance-Ton-Merkez-19-1.png","contentUrl":"https:\/\/www.coursdelanguearabe.com\/wp-content\/uploads\/2026\/02\/cropped-cropped-cropped-Lance-Ton-Merkez-19-1.png","width":512,"height":512,"caption":"Cours de Langue Arabe"},"image":{"@id":"https:\/\/www.coursdelanguearabe.com\/#\/schema\/logo\/image\/"},"sameAs":["https:\/\/www.facebook.com\/courslanguearabe\/"]}]}},"_links":{"self":[{"href":"https:\/\/www.coursdelanguearabe.com\/en\/wp-json\/wp\/v2\/product\/1411","targetHints":{"allow":["GET"]}}],"collection":[{"href":"https:\/\/www.coursdelanguearabe.com\/en\/wp-json\/wp\/v2\/product"}],"about":[{"href":"https:\/\/www.coursdelanguearabe.com\/en\/wp-json\/wp\/v2\/types\/product"}],"wp:featuredmedia":[{"embeddable":true,"href":"https:\/\/www.coursdelanguearabe.com\/en\/wp-json\/wp\/v2\/media\/1448"}],"wp:attachment":[{"href":"https:\/\/www.coursdelanguearabe.com\/en\/wp-json\/wp\/v2\/media?parent=1411"}],"wp:term":[{"taxonomy":"product_brand","embeddable":true,"href":"https:\/\/www.coursdelanguearabe.com\/en\/wp-json\/wp\/v2\/product_brand?post=1411"},{"taxonomy":"product_cat","embeddable":true,"href":"https:\/\/www.coursdelanguearabe.com\/en\/wp-json\/wp\/v2\/product_cat?post=1411"},{"taxonomy":"product_tag","embeddable":true,"href":"https:\/\/www.coursdelanguearabe.com\/en\/wp-json\/wp\/v2\/product_tag?post=1411"}],"curies":[{"name":"wp","href":"https:\/\/api.w.org\/{rel}","templated":true}]}}