{"id":1413,"date":"2026-01-15T14:41:35","date_gmt":"2026-01-15T14:41:35","guid":{"rendered":"https:\/\/www.coursdelanguearabe.com\/?post_type=product&#038;p=1413"},"modified":"2026-02-09T12:30:46","modified_gmt":"2026-02-09T12:30:46","slug":"al-nouraniya-gratuit","status":"publish","type":"product","link":"https:\/\/www.coursdelanguearabe.com\/en\/product\/al-nouraniya-gratuit\/","title":{"rendered":"Al-Nouraniya (FREE)"},"content":{"rendered":"<div class=\"wpb_text_column wpb_content_element vc_custom_1572206809717\">\n<div class=\"wpb_wrapper\">\n<div class=\"flex-1 overflow-hidden\">\n<div class=\"react-scroll-to-bottom--css-glbdw-79elbk h-full dark:bg-gray-800\">\n<div class=\"react-scroll-to-bottom--css-glbdw-1n7m0yu\">\n<div class=\"flex flex-col text-sm dark:bg-gray-800\">\n<div class=\"group w-full text-token-text-primary border-b border-black\/10 dark:border-gray-900\/50 bg-gray-50 dark:bg-[#444654]\">\n<div class=\"flex p-4 gap-4 text-base md:gap-6 md:max-w-2xl lg:max-w-[38rem] xl:max-w-3xl md:py-6 lg:px-0 m-auto\">\n<div class=\"relative flex w-[calc(100%-50px)] flex-col gap-1 md:gap-3 lg:w-[calc(100%-115px)]\">\n<div class=\"flex flex-grow flex-col gap-3\">\n<div class=\"min-h-[20px] flex flex-col items-start gap-3 overflow-x-auto whitespace-pre-wrap break-words\">\n<div class=\"markdown prose w-full break-words dark:prose-invert light\">\n<h2 data-start=\"563\" data-end=\"619\">\ud83d\udcd8 M\u00e9thode Nouraniya \u2013 Lecture et prononciation arabe<\/h2>\n<p data-start=\"621\" data-end=\"801\">La <strong data-start=\"624\" data-end=\"645\">m\u00e9thode Nouraniya<\/strong> est une r\u00e9f\u00e9rence mondiale pour apprendre \u00e0 lire l\u2019arabe correctement.<br data-start=\"716\" data-end=\"719\" \/>Elle s\u2019adresse aussi bien aux enfants qu\u2019aux adultes, d\u00e8s les premi\u00e8res bases \ud83c\udf31<\/p>\n<p data-start=\"803\" data-end=\"972\">Ainsi, cette m\u00e9thode permet d\u2019am\u00e9liorer rapidement la prononciation des lettres arabes.<br data-start=\"890\" data-end=\"893\" \/>De plus, elle aide \u00e0 d\u00e9velopper une lecture fluide et pr\u00e9cise, \u00e9tape par \u00e9tape.<\/p>\n<hr data-start=\"974\" data-end=\"977\" \/>\n<h2 data-start=\"979\" data-end=\"1032\">\ud83c\udfd7\ufe0f Une m\u00e9thode \u00e9prouv\u00e9e en 17 le\u00e7ons progressives<\/h2>\n<p data-start=\"1034\" data-end=\"1183\">Cette <strong data-start=\"1037\" data-end=\"1058\">m\u00e9thode <\/strong>a \u00e9t\u00e9 con\u00e7ue par le Sheikh Nour Mouhammed Haqqani.<br data-start=\"1109\" data-end=\"1112\" \/>Elle repose sur <strong data-start=\"1128\" data-end=\"1154\">17 le\u00e7ons progressives<\/strong>, simples et structur\u00e9es \ud83d\udcc8<\/p>\n<p data-start=\"1185\" data-end=\"1317\">Chaque le\u00e7on renforce la reconnaissance des lettres et des sons.<br data-start=\"1249\" data-end=\"1252\" \/>Ainsi, l\u2019apprenant progresse sans confusion et avec r\u00e9gularit\u00e9.<\/p>\n<p data-start=\"1319\" data-end=\"1396\">Par cons\u00e9quent, cette m\u00e9thode pose des bases solides avant d\u2019aller plus loin.<\/p>\n<hr data-start=\"1398\" data-end=\"1401\" \/>\n<h2 data-start=\"1403\" data-end=\"1462\">\ud83d\udde3\ufe0f Am\u00e9liorer la prononciation et la fluidit\u00e9 de lecture<\/h2>\n<p data-start=\"1464\" data-end=\"1624\">Gr\u00e2ce \u00e0 la <strong data-start=\"1475\" data-end=\"1496\">m\u00e9thode Nouraniya<\/strong>, l\u2019\u00e9tudiant corrige sa prononciation d\u00e8s le d\u00e9but.<br data-start=\"1547\" data-end=\"1550\" \/>En effet, chaque lettre arabe est travaill\u00e9e avec pr\u00e9cision et clart\u00e9 \ud83e\udde0<\/p>\n<p data-start=\"1626\" data-end=\"1745\">De plus, la lecture devient plus fluide et naturelle.<br data-start=\"1679\" data-end=\"1682\" \/>Ainsi, l\u2019apprenant gagne en confiance et en aisance rapidement.<\/p>\n<hr data-start=\"1747\" data-end=\"1750\" \/>\n<h2 data-start=\"1752\" data-end=\"1807\">\ud83c\udfaf Avant le Tajwid : une \u00e9tape fortement recommand\u00e9e<\/h2>\n<p data-start=\"1809\" data-end=\"1938\">Bien que facultative, cette m\u00e9thode\u00a0est fortement recommand\u00e9e.<br data-start=\"1882\" data-end=\"1885\" \/>Elle pr\u00e9pare efficacement au <strong data-start=\"1914\" data-end=\"1933\">Tajwid niveau 1<\/strong> \ud83d\udcd6<\/p>\n<p data-start=\"1940\" data-end=\"2100\">Cependant, les \u00e9tudiants sachant d\u00e9j\u00e0 lire l\u2019arabe peuvent commencer directement le Tajwid.<br data-start=\"2031\" data-end=\"2034\" \/>Dans ce cas, l\u2019\u00e9tude de Nouraniya reste un excellent renforcement.<\/p>\n<hr data-start=\"2374\" data-end=\"2377\" \/>\n<h2 data-start=\"2379\" data-end=\"2432\"><span class=\"x19la9d6 x1fc57z9 x6ikm8r x10wlt62 x19co3pv x11tp94h xfibh0p xiy17q3 x1xsqp64 x1lkfr7t xexx8yu xyri2b x18d9i69 x1c1uobl\"><span class=\"xrtxmta x1bhl96m\">\ud83d\udebb<\/span><\/span> \u00c0 qui s\u2019adresse la m\u00e9thode Nouraniya ?<\/h2>\n<p data-start=\"2434\" data-end=\"2478\">\ud83c\udfaf Cette m\u00e9thode convient parfaitement \u00e0 :<\/p>\n<ul data-start=\"2479\" data-end=\"2622\">\n<li data-start=\"2479\" data-end=\"2504\">\n<p data-start=\"2481\" data-end=\"2504\">les enfants d\u00e9butants<\/p>\n<\/li>\n<li data-start=\"2505\" data-end=\"2530\">\n<p data-start=\"2507\" data-end=\"2530\">les adultes d\u00e9butants<\/p>\n<\/li>\n<li data-start=\"2531\" data-end=\"2588\">\n<p data-start=\"2533\" data-end=\"2588\">les personnes souhaitant am\u00e9liorer leur lecture arabe<\/p>\n<\/li>\n<li data-start=\"2589\" data-end=\"2622\">\n<p data-start=\"2591\" data-end=\"2622\">les \u00e9tudiants avant le Tajwid<\/p>\n<\/li>\n<\/ul>\n<hr data-start=\"2624\" data-end=\"2627\" \/>\n<p data-start=\"2629\" data-end=\"2648\">\ud83d\udcd8 <strong data-start=\"2632\" data-end=\"2648\">Format : PDF<\/strong><\/p>\n<p data-start=\"2650\" data-end=\"2773\">\ud83d\udc49 La <strong data-start=\"2656\" data-end=\"2677\">m\u00e9thode Nouraniya<\/strong> constitue une base id\u00e9ale pour apprendre \u00e0 lire l\u2019arabe correctement, avec m\u00e9thode et s\u00e9r\u00e9nit\u00e9.<\/p>\n<\/div>\n<\/div>\n<\/div>\n<\/div>\n<\/div>\n<\/div>\n<\/div>\n<\/div>\n<\/div>\n<\/div>\n<\/div>\n<\/div>\n\n    <div class=\"xs_social_share_widget xs_share_url after_content \t\tmain_content  wslu-style-1 wslu-share-box-shaped wslu-fill-colored wslu-none wslu-share-horizontal wslu-theme-font-no wslu-main_content\">\n\n\t\t\n        <ul>\n\t\t\t        <\/ul>\n    <\/div> \n","protected":false},"excerpt":{"rendered":"<div class=\"wpb_text_column wpb_content_element vc_custom_1572206809717\">\n<div class=\"wpb_wrapper\">\n<p>Un livre d&rsquo;introduction au Coran proposant une m\u00e9thode universelle pour apprendre \u00e0 lire l&rsquo;arabe, afin d&rsquo;am\u00e9liorer la fluidit\u00e9 de votre lecture du Saint Coran.<\/p>\n<\/div>\n<\/div>\n<div class=\"wpb_text_column wpb_content_element vc_custom_1572206821019\">\n<p>&nbsp;<\/p>\n<\/div>","protected":false},"featured_media":1463,"template":"","meta":{"site-sidebar-layout":"default","site-content-layout":"","ast-site-content-layout":"default","site-content-style":"default","site-sidebar-style":"default","ast-global-header-display":"","ast-banner-title-visibility":"","ast-main-header-display":"","ast-hfb-above-header-display":"","ast-hfb-below-header-display":"","ast-hfb-mobile-header-display":"","site-post-title":"","ast-breadcrumbs-content":"","ast-featured-img":"","footer-sml-layout":"","theme-transparent-header-meta":"default","adv-header-id-meta":"","stick-header-meta":"","header-above-stick-meta":"","header-main-stick-meta":"","header-below-stick-meta":"","astra-migrate-meta-layouts":"set","ast-page-background-enabled":"default","ast-page-background-meta":{"desktop":{"background-color":"var(--ast-global-color-4)","background-image":"","background-repeat":"repeat","background-position":"center center","background-size":"auto","background-attachment":"scroll","background-type":"","background-media":"","overlay-type":"","overlay-color":"","overlay-gradient":""},"tablet":{"background-color":"","background-image":"","background-repeat":"repeat","background-position":"center center","background-size":"auto","background-attachment":"scroll","background-type":"","background-media":"","overlay-type":"","overlay-color":"","overlay-gradient":""},"mobile":{"background-color":"","background-image":"","background-repeat":"repeat","background-position":"center center","background-size":"auto","background-attachment":"scroll","background-type":"","background-media":"","overlay-type":"","overlay-color":"","overlay-gradient":""}},"ast-content-background-meta":{"desktop":{"background-color":"var(--ast-global-color-5)","background-image":"","background-repeat":"repeat","background-position":"center center","background-size":"auto","background-attachment":"scroll","background-type":"","background-media":"","overlay-type":"","overlay-color":"","overlay-gradient":""},"tablet":{"background-color":"var(--ast-global-color-5)","background-image":"","background-repeat":"repeat","background-position":"center center","background-size":"auto","background-attachment":"scroll","background-type":"","background-media":"","overlay-type":"","overlay-color":"","overlay-gradient":""},"mobile":{"background-color":"var(--ast-global-color-5)","background-image":"","background-repeat":"repeat","background-position":"center center","background-size":"auto","background-attachment":"scroll","background-type":"","background-media":"","overlay-type":"","overlay-color":"","overlay-gradient":""}},"_joinchat":[]},"product_brand":[],"product_cat":[33],"product_tag":[127,124,129,25,128,126],"class_list":{"0":"post-1413","1":"product","2":"type-product","3":"status-publish","4":"has-post-thumbnail","6":"product_cat-telechargement-gratuit","7":"product_tag-apprendre-le-coran","8":"product_tag-coran","9":"product_tag-debutant","10":"product_tag-langue-arabe","11":"product_tag-lire-larabe","12":"product_tag-tajwid","13":"desktop-align-left","14":"tablet-align-left","15":"mobile-align-left","17":"first","18":"instock","19":"downloadable","20":"virtual","21":"purchasable","22":"product-type-simple"},"yoast_head":"<!-- This site is optimized with the Yoast SEO plugin v27.5 - https:\/\/yoast.com\/product\/yoast-seo-wordpress\/ -->\n<title>M\u00e9thode Nouraniya \u2013 Am\u00e9liorer la lecture et la prononciation arabe<\/title>\n<meta name=\"description\" content=\"T\u00e9l\u00e9chargez gratuitement la m\u00e9thode Nouraniya en 17 le\u00e7ons pour am\u00e9liorer la prononciation arabe et fluidifier la lecture, enfants et adultes.\" \/>\n<meta name=\"robots\" content=\"index, follow, max-snippet:-1, max-image-preview:large, max-video-preview:-1\" \/>\n<link rel=\"canonical\" href=\"https:\/\/www.coursdelanguearabe.com\/en\/product\/al-nouraniya-gratuit\/\" \/>\n<meta property=\"og:locale\" content=\"en_US\" \/>\n<meta property=\"og:type\" content=\"article\" \/>\n<meta property=\"og:title\" content=\"M\u00e9thode Nouraniya \u2013 Am\u00e9liorer la lecture et la prononciation arabe\" \/>\n<meta property=\"og:description\" content=\"T\u00e9l\u00e9chargez gratuitement la m\u00e9thode Nouraniya en 17 le\u00e7ons pour am\u00e9liorer la prononciation arabe et fluidifier la lecture, enfants et adultes.\" \/>\n<meta property=\"og:url\" content=\"https:\/\/www.coursdelanguearabe.com\/en\/product\/al-nouraniya-gratuit\/\" \/>\n<meta property=\"og:site_name\" content=\"Cours de Langue Arabe\" \/>\n<meta property=\"article:publisher\" content=\"https:\/\/www.facebook.com\/courslanguearabe\/\" \/>\n<meta property=\"article:modified_time\" content=\"2026-02-09T12:30:46+00:00\" \/>\n<meta property=\"og:image\" content=\"https:\/\/www.coursdelanguearabe.com\/wp-content\/uploads\/2026\/01\/2023-09-23-19_36_41-2439-scaled-e1694806470889-1.webp-800\u00d71097-1-1-1-1.png\" \/>\n\t<meta property=\"og:image:width\" content=\"335\" \/>\n\t<meta property=\"og:image:height\" content=\"460\" \/>\n\t<meta property=\"og:image:type\" content=\"image\/png\" \/>\n<meta name=\"twitter:card\" content=\"summary_large_image\" \/>\n<meta name=\"twitter:label1\" content=\"Est. reading time\" \/>\n\t<meta name=\"twitter:data1\" content=\"2 minutes\" \/>\n<script type=\"application\/ld+json\" class=\"yoast-schema-graph\">{\"@context\":\"https:\\\/\\\/schema.org\",\"@graph\":[{\"@type\":\"WebPage\",\"@id\":\"https:\\\/\\\/www.coursdelanguearabe.com\\\/produit\\\/al-nouraniya-gratuit\\\/\",\"url\":\"https:\\\/\\\/www.coursdelanguearabe.com\\\/produit\\\/al-nouraniya-gratuit\\\/\",\"name\":\"M\u00e9thode Nouraniya \u2013 Am\u00e9liorer la lecture et la prononciation arabe\",\"isPartOf\":{\"@id\":\"https:\\\/\\\/www.coursdelanguearabe.com\\\/#website\"},\"primaryImageOfPage\":{\"@id\":\"https:\\\/\\\/www.coursdelanguearabe.com\\\/produit\\\/al-nouraniya-gratuit\\\/#primaryimage\"},\"image\":{\"@id\":\"https:\\\/\\\/www.coursdelanguearabe.com\\\/produit\\\/al-nouraniya-gratuit\\\/#primaryimage\"},\"thumbnailUrl\":\"https:\\\/\\\/www.coursdelanguearabe.com\\\/wp-content\\\/uploads\\\/2026\\\/01\\\/2023-09-23-19_36_41-2439-scaled-e1694806470889-1.webp-800\u00d71097-1-1-1-1.png\",\"datePublished\":\"2026-01-15T14:41:35+00:00\",\"dateModified\":\"2026-02-09T12:30:46+00:00\",\"description\":\"T\u00e9l\u00e9chargez gratuitement la m\u00e9thode Nouraniya en 17 le\u00e7ons pour am\u00e9liorer la prononciation arabe et fluidifier la lecture, enfants et adultes.\",\"breadcrumb\":{\"@id\":\"https:\\\/\\\/www.coursdelanguearabe.com\\\/produit\\\/al-nouraniya-gratuit\\\/#breadcrumb\"},\"inLanguage\":\"en-US\",\"potentialAction\":[{\"@type\":\"ReadAction\",\"target\":[\"https:\\\/\\\/www.coursdelanguearabe.com\\\/produit\\\/al-nouraniya-gratuit\\\/\"]}]},{\"@type\":\"ImageObject\",\"inLanguage\":\"en-US\",\"@id\":\"https:\\\/\\\/www.coursdelanguearabe.com\\\/produit\\\/al-nouraniya-gratuit\\\/#primaryimage\",\"url\":\"https:\\\/\\\/www.coursdelanguearabe.com\\\/wp-content\\\/uploads\\\/2026\\\/01\\\/2023-09-23-19_36_41-2439-scaled-e1694806470889-1.webp-800\u00d71097-1-1-1-1.png\",\"contentUrl\":\"https:\\\/\\\/www.coursdelanguearabe.com\\\/wp-content\\\/uploads\\\/2026\\\/01\\\/2023-09-23-19_36_41-2439-scaled-e1694806470889-1.webp-800\u00d71097-1-1-1-1.png\",\"width\":335,\"height\":460},{\"@type\":\"BreadcrumbList\",\"@id\":\"https:\\\/\\\/www.coursdelanguearabe.com\\\/produit\\\/al-nouraniya-gratuit\\\/#breadcrumb\",\"itemListElement\":[{\"@type\":\"ListItem\",\"position\":1,\"name\":\"Home\",\"item\":\"https:\\\/\\\/www.coursdelanguearabe.com\\\/\"},{\"@type\":\"ListItem\",\"position\":2,\"name\":\"Cours d\u2019arabe &#038; livres\",\"item\":\"https:\\\/\\\/www.coursdelanguearabe.com\\\/cours-darabe-livres\\\/\"},{\"@type\":\"ListItem\",\"position\":3,\"name\":\"Al-Nouraniya (GRATUIT)\"}]},{\"@type\":\"WebSite\",\"@id\":\"https:\\\/\\\/www.coursdelanguearabe.com\\\/#website\",\"url\":\"https:\\\/\\\/www.coursdelanguearabe.com\\\/\",\"name\":\"Cours de Langue Arabe\",\"description\":\"Cours de langue arabe en ligne\",\"publisher\":{\"@id\":\"https:\\\/\\\/www.coursdelanguearabe.com\\\/#organization\"},\"potentialAction\":[{\"@type\":\"SearchAction\",\"target\":{\"@type\":\"EntryPoint\",\"urlTemplate\":\"https:\\\/\\\/www.coursdelanguearabe.com\\\/?s={search_term_string}\"},\"query-input\":{\"@type\":\"PropertyValueSpecification\",\"valueRequired\":true,\"valueName\":\"search_term_string\"}}],\"inLanguage\":\"en-US\"},{\"@type\":\"Organization\",\"@id\":\"https:\\\/\\\/www.coursdelanguearabe.com\\\/#organization\",\"name\":\"Cours de Langue Arabe\",\"url\":\"https:\\\/\\\/www.coursdelanguearabe.com\\\/\",\"logo\":{\"@type\":\"ImageObject\",\"inLanguage\":\"en-US\",\"@id\":\"https:\\\/\\\/www.coursdelanguearabe.com\\\/#\\\/schema\\\/logo\\\/image\\\/\",\"url\":\"https:\\\/\\\/www.coursdelanguearabe.com\\\/wp-content\\\/uploads\\\/2026\\\/02\\\/cropped-cropped-cropped-Lance-Ton-Merkez-19-1.png\",\"contentUrl\":\"https:\\\/\\\/www.coursdelanguearabe.com\\\/wp-content\\\/uploads\\\/2026\\\/02\\\/cropped-cropped-cropped-Lance-Ton-Merkez-19-1.png\",\"width\":512,\"height\":512,\"caption\":\"Cours de Langue Arabe\"},\"image\":{\"@id\":\"https:\\\/\\\/www.coursdelanguearabe.com\\\/#\\\/schema\\\/logo\\\/image\\\/\"},\"sameAs\":[\"https:\\\/\\\/www.facebook.com\\\/courslanguearabe\\\/\"]}]}<\/script>\n<!-- \/ Yoast SEO plugin. -->","yoast_head_json":{"title":"M\u00e9thode Nouraniya \u2013 Am\u00e9liorer la lecture et la prononciation arabe","description":"T\u00e9l\u00e9chargez gratuitement la m\u00e9thode Nouraniya en 17 le\u00e7ons pour am\u00e9liorer la prononciation arabe et fluidifier la lecture, enfants et adultes.","robots":{"index":"index","follow":"follow","max-snippet":"max-snippet:-1","max-image-preview":"max-image-preview:large","max-video-preview":"max-video-preview:-1"},"canonical":"https:\/\/www.coursdelanguearabe.com\/en\/product\/al-nouraniya-gratuit\/","og_locale":"en_US","og_type":"article","og_title":"M\u00e9thode Nouraniya \u2013 Am\u00e9liorer la lecture et la prononciation arabe","og_description":"T\u00e9l\u00e9chargez gratuitement la m\u00e9thode Nouraniya en 17 le\u00e7ons pour am\u00e9liorer la prononciation arabe et fluidifier la lecture, enfants et adultes.","og_url":"https:\/\/www.coursdelanguearabe.com\/en\/product\/al-nouraniya-gratuit\/","og_site_name":"Cours de Langue Arabe","article_publisher":"https:\/\/www.facebook.com\/courslanguearabe\/","article_modified_time":"2026-02-09T12:30:46+00:00","og_image":[{"width":335,"height":460,"url":"https:\/\/www.coursdelanguearabe.com\/wp-content\/uploads\/2026\/01\/2023-09-23-19_36_41-2439-scaled-e1694806470889-1.webp-800\u00d71097-1-1-1-1.png","type":"image\/png"}],"twitter_card":"summary_large_image","twitter_misc":{"Est. reading time":"2 minutes"},"schema":{"@context":"https:\/\/schema.org","@graph":[{"@type":"WebPage","@id":"https:\/\/www.coursdelanguearabe.com\/produit\/al-nouraniya-gratuit\/","url":"https:\/\/www.coursdelanguearabe.com\/produit\/al-nouraniya-gratuit\/","name":"M\u00e9thode Nouraniya \u2013 Am\u00e9liorer la lecture et la prononciation arabe","isPartOf":{"@id":"https:\/\/www.coursdelanguearabe.com\/#website"},"primaryImageOfPage":{"@id":"https:\/\/www.coursdelanguearabe.com\/produit\/al-nouraniya-gratuit\/#primaryimage"},"image":{"@id":"https:\/\/www.coursdelanguearabe.com\/produit\/al-nouraniya-gratuit\/#primaryimage"},"thumbnailUrl":"https:\/\/www.coursdelanguearabe.com\/wp-content\/uploads\/2026\/01\/2023-09-23-19_36_41-2439-scaled-e1694806470889-1.webp-800\u00d71097-1-1-1-1.png","datePublished":"2026-01-15T14:41:35+00:00","dateModified":"2026-02-09T12:30:46+00:00","description":"T\u00e9l\u00e9chargez gratuitement la m\u00e9thode Nouraniya en 17 le\u00e7ons pour am\u00e9liorer la prononciation arabe et fluidifier la lecture, enfants et adultes.","breadcrumb":{"@id":"https:\/\/www.coursdelanguearabe.com\/produit\/al-nouraniya-gratuit\/#breadcrumb"},"inLanguage":"en-US","potentialAction":[{"@type":"ReadAction","target":["https:\/\/www.coursdelanguearabe.com\/produit\/al-nouraniya-gratuit\/"]}]},{"@type":"ImageObject","inLanguage":"en-US","@id":"https:\/\/www.coursdelanguearabe.com\/produit\/al-nouraniya-gratuit\/#primaryimage","url":"https:\/\/www.coursdelanguearabe.com\/wp-content\/uploads\/2026\/01\/2023-09-23-19_36_41-2439-scaled-e1694806470889-1.webp-800\u00d71097-1-1-1-1.png","contentUrl":"https:\/\/www.coursdelanguearabe.com\/wp-content\/uploads\/2026\/01\/2023-09-23-19_36_41-2439-scaled-e1694806470889-1.webp-800\u00d71097-1-1-1-1.png","width":335,"height":460},{"@type":"BreadcrumbList","@id":"https:\/\/www.coursdelanguearabe.com\/produit\/al-nouraniya-gratuit\/#breadcrumb","itemListElement":[{"@type":"ListItem","position":1,"name":"Home","item":"https:\/\/www.coursdelanguearabe.com\/"},{"@type":"ListItem","position":2,"name":"Cours d\u2019arabe &#038; livres","item":"https:\/\/www.coursdelanguearabe.com\/cours-darabe-livres\/"},{"@type":"ListItem","position":3,"name":"Al-Nouraniya (GRATUIT)"}]},{"@type":"WebSite","@id":"https:\/\/www.coursdelanguearabe.com\/#website","url":"https:\/\/www.coursdelanguearabe.com\/","name":"Arabic Language Course","description":"Cours de langue arabe en ligne","publisher":{"@id":"https:\/\/www.coursdelanguearabe.com\/#organization"},"potentialAction":[{"@type":"SearchAction","target":{"@type":"EntryPoint","urlTemplate":"https:\/\/www.coursdelanguearabe.com\/?s={search_term_string}"},"query-input":{"@type":"PropertyValueSpecification","valueRequired":true,"valueName":"search_term_string"}}],"inLanguage":"en-US"},{"@type":"Organization","@id":"https:\/\/www.coursdelanguearabe.com\/#organization","name":"Arabic Language Course","url":"https:\/\/www.coursdelanguearabe.com\/","logo":{"@type":"ImageObject","inLanguage":"en-US","@id":"https:\/\/www.coursdelanguearabe.com\/#\/schema\/logo\/image\/","url":"https:\/\/www.coursdelanguearabe.com\/wp-content\/uploads\/2026\/02\/cropped-cropped-cropped-Lance-Ton-Merkez-19-1.png","contentUrl":"https:\/\/www.coursdelanguearabe.com\/wp-content\/uploads\/2026\/02\/cropped-cropped-cropped-Lance-Ton-Merkez-19-1.png","width":512,"height":512,"caption":"Cours de Langue Arabe"},"image":{"@id":"https:\/\/www.coursdelanguearabe.com\/#\/schema\/logo\/image\/"},"sameAs":["https:\/\/www.facebook.com\/courslanguearabe\/"]}]}},"_links":{"self":[{"href":"https:\/\/www.coursdelanguearabe.com\/en\/wp-json\/wp\/v2\/product\/1413","targetHints":{"allow":["GET"]}}],"collection":[{"href":"https:\/\/www.coursdelanguearabe.com\/en\/wp-json\/wp\/v2\/product"}],"about":[{"href":"https:\/\/www.coursdelanguearabe.com\/en\/wp-json\/wp\/v2\/types\/product"}],"wp:featuredmedia":[{"embeddable":true,"href":"https:\/\/www.coursdelanguearabe.com\/en\/wp-json\/wp\/v2\/media\/1463"}],"wp:attachment":[{"href":"https:\/\/www.coursdelanguearabe.com\/en\/wp-json\/wp\/v2\/media?parent=1413"}],"wp:term":[{"taxonomy":"product_brand","embeddable":true,"href":"https:\/\/www.coursdelanguearabe.com\/en\/wp-json\/wp\/v2\/product_brand?post=1413"},{"taxonomy":"product_cat","embeddable":true,"href":"https:\/\/www.coursdelanguearabe.com\/en\/wp-json\/wp\/v2\/product_cat?post=1413"},{"taxonomy":"product_tag","embeddable":true,"href":"https:\/\/www.coursdelanguearabe.com\/en\/wp-json\/wp\/v2\/product_tag?post=1413"}],"curies":[{"name":"wp","href":"https:\/\/api.w.org\/{rel}","templated":true}]}}