{"id":1419,"date":"2026-01-15T14:41:35","date_gmt":"2026-01-15T14:41:35","guid":{"rendered":"https:\/\/www.coursdelanguearabe.com\/?post_type=product&#038;p=1419"},"modified":"2026-02-09T12:29:44","modified_gmt":"2026-02-09T12:29:44","slug":"cahier-de-vocabulaire","status":"publish","type":"product","link":"https:\/\/www.coursdelanguearabe.com\/en\/product\/cahier-de-vocabulaire\/","title":{"rendered":"Vocabulary notebook \u2013 Egyptian method"},"content":{"rendered":"<div class=\"wpb_text_column wpb_content_element vc_custom_1572206809717\">\n<div class=\"wpb_wrapper\">\n<div class=\"flex-1 overflow-hidden\">\n<div class=\"react-scroll-to-bottom--css-glbdw-79elbk h-full dark:bg-gray-800\">\n<div class=\"react-scroll-to-bottom--css-glbdw-1n7m0yu\">\n<div class=\"flex flex-col text-sm dark:bg-gray-800\">\n<div class=\"group w-full text-token-text-primary border-b border-black\/10 dark:border-gray-900\/50 bg-gray-50 dark:bg-[#444654]\">\n<div class=\"flex p-4 gap-4 text-base md:gap-6 md:max-w-2xl lg:max-w-[38rem] xl:max-w-3xl md:py-6 lg:px-0 m-auto\">\n<div class=\"relative flex w-[calc(100%-50px)] flex-col gap-1 md:gap-3 lg:w-[calc(100%-115px)]\">\n<div class=\"flex flex-grow flex-col gap-3\">\n<div class=\"min-h-[20px] flex flex-col items-start gap-3 overflow-x-auto whitespace-pre-wrap break-words\">\n<div class=\"markdown prose w-full break-words dark:prose-invert light\">\n<p data-start=\"568\" data-end=\"732\">Le <strong data-start=\"571\" data-end=\"617\">Cahier de vocabulaire \u2013 M\u00e9thode \u00e9gyptienne<\/strong> est un support pens\u00e9 pour apprendre l\u2019arabe efficacement.<br data-start=\"675\" data-end=\"678\" \/>Il s\u2019adresse particuli\u00e8rement aux d\u00e9butants motiv\u00e9s \ud83d\udcd8<\/p>\n<p data-start=\"734\" data-end=\"814\">Ainsi, ce cahier accompagne l\u2019\u00e9l\u00e8ve tout au long de sa progression linguistique.<\/p>\n<hr data-start=\"816\" data-end=\"819\" \/>\n<h2 data-start=\"821\" data-end=\"878\">\ud83e\udded Un outil structur\u00e9 pour apprendre l\u2019arabe pas \u00e0 pas<\/h2>\n<p data-start=\"880\" data-end=\"1018\">Ce <strong data-start=\"883\" data-end=\"914\">cahier de vocabulaire arabe<\/strong> propose une organisation claire et logique.<br data-start=\"958\" data-end=\"961\" \/>Chaque page facilite le classement du vocabulaire appris.<\/p>\n<p data-start=\"1020\" data-end=\"1162\">De plus, l\u2019\u00e9tudiant peut noter synonymes, antonymes et phrases d\u2019exemple.<br data-start=\"1093\" data-end=\"1096\" \/>Par cons\u00e9quent, la m\u00e9morisation devient plus naturelle et durable.<\/p>\n<p data-start=\"1164\" data-end=\"1238\">Gr\u00e2ce \u00e0 cette m\u00e9thode, apprendre l\u2019arabe devient plus fluide et motivant \u2728<\/p>\n<hr data-start=\"1240\" data-end=\"1243\" \/>\n<h2 data-start=\"1245\" data-end=\"1298\">\ud83e\udde0 Des tableaux de conjugaison clairs et efficaces<\/h2>\n<p data-start=\"1300\" data-end=\"1448\">Le <strong data-start=\"1303\" data-end=\"1349\">Cahier de vocabulaire \u2013 M\u00e9thode \u00e9gyptienne<\/strong> int\u00e8gre des tableaux pratiques.<br data-start=\"1381\" data-end=\"1384\" \/>Ils couvrent les temps essentiels : pass\u00e9, pr\u00e9sent et imp\u00e9ratif.<\/p>\n<p data-start=\"1450\" data-end=\"1568\">Ainsi, l\u2019\u00e9l\u00e8ve visualise rapidement chaque forme verbale.<br data-start=\"1507\" data-end=\"1510\" \/>Ensuite, il comprend mieux la structure des verbes arabes.<\/p>\n<p data-start=\"1570\" data-end=\"1638\">Par ailleurs, ces tableaux favorisent une r\u00e9vision rapide et cibl\u00e9e.<\/p>\n<hr data-start=\"1640\" data-end=\"1643\" \/>\n<h2 data-start=\"1645\" data-end=\"1693\">\ud83d\udcda Un support pens\u00e9 pour la r\u00e9vision continue<\/h2>\n<p data-start=\"1695\" data-end=\"1836\">Ce <strong data-start=\"1698\" data-end=\"1729\">cahier de vocabulaire arabe<\/strong> s\u2019inscrit dans une progression coh\u00e9rente.<br data-start=\"1771\" data-end=\"1774\" \/>Il accompagne l\u2019apprenant \u00e0 chaque \u00e9tape de son apprentissage.<\/p>\n<p data-start=\"1838\" data-end=\"1977\">En effet, il permet de centraliser tout le vocabulaire au m\u00eame endroit.<br data-start=\"1909\" data-end=\"1912\" \/>De ce fait, les r\u00e9visions gagnent en efficacit\u00e9 et en r\u00e9gularit\u00e9.<\/p>\n<p data-start=\"1979\" data-end=\"2064\">Avec plus de 70 pages, ce support offre un espace suffisant pour \u00e9voluer sereinement.<\/p>\n<hr data-start=\"2066\" data-end=\"2069\" \/>\n<h2 data-start=\"2071\" data-end=\"2140\">\u2b50 Pourquoi choisir le Cahier de vocabulaire \u2013 M\u00e9thode \u00e9gyptienne ?<\/h2>\n<p data-start=\"2142\" data-end=\"2306\">\u2714\ufe0f Adapt\u00e9 aux d\u00e9butants<br data-start=\"2165\" data-end=\"2168\" \/>\u2714\ufe0f Organisation claire et progressive<br data-start=\"2205\" data-end=\"2208\" \/>\u2714\ufe0f Conjugaisons simples \u00e0 r\u00e9viser<br data-start=\"2241\" data-end=\"2244\" \/>\u2714\ufe0f Compatible avec toute m\u00e9thode d\u2019arabe<br data-start=\"2284\" data-end=\"2287\" \/>\u2714\ufe0f <strong data-start=\"2290\" data-end=\"2306\">Format : PDF<\/strong><\/p>\n<p data-start=\"2308\" data-end=\"2413\">\ud83d\udc49 Le <strong data-start=\"2314\" data-end=\"2345\">cahier de vocabulaire arabe<\/strong> devient ainsi un alli\u00e9 indispensable pour progresser durablement \ud83d\udcc8<\/p>\n<\/div>\n<\/div>\n<\/div>\n<div class=\"flex justify-between lg:block\">\n<div class=\"text-gray-400 flex self-end lg:self-center justify-center mt-2 gap-2 md:gap-3 lg:gap-1 lg:absolute lg:top-0 lg:translate-x-full lg:right-0 lg:mt-0 lg:pl-2 visible\">\n<p>&nbsp;<\/p>\n<div class=\"flex gap-1\"><\/div>\n<\/div>\n<\/div>\n<\/div>\n<\/div>\n<\/div>\n<div class=\"h-32 md:h-48 flex-shrink-0\"><\/div>\n<p>&nbsp;<\/p>\n<\/div>\n<\/div>\n<\/div>\n<\/div>\n<div class=\"absolute bottom-0 left-0 w-full border-t md:border-t-0 dark:border-white\/20 md:border-transparent md:dark:border-transparent md:bg-vert-light-gradient bg-white dark:bg-gray-800 md:!bg-transparent dark:md:bg-vert-dark-gradient pt-2 md:pl-2 md:w-[calc(100%-.5rem)]\">\n<form class=\"stretch mx-2 flex flex-row gap-3 last:mb-2 md:mx-4 md:last:mb-6 lg:mx-auto lg:max-w-2xl xl:max-w-3xl\">\n<div class=\"relative flex h-full flex-1 items-stretch md:flex-col\" role=\"presentation\">\n<div>\n<div class=\"h-full flex ml-1 md:w-full md:m-auto md:mb-4 gap-0 md:gap-2 justify-center\"><\/div>\n<\/div>\n<\/div>\n<\/form>\n<\/div>\n<\/div>\n<\/div>\n\n    <div class=\"xs_social_share_widget xs_share_url after_content \t\tmain_content  wslu-style-1 wslu-share-box-shaped wslu-fill-colored wslu-none wslu-share-horizontal wslu-theme-font-no wslu-main_content\">\n\n\t\t\n        <ul>\n\t\t\t        <\/ul>\n    <\/div> \n","protected":false},"excerpt":{"rendered":"<div class=\"wpb_text_column wpb_content_element vc_custom_1572206809717\">\n<div class=\"wpb_wrapper\">\n<p data-start=\"209\" data-end=\"586\">Ce cahier, bas\u00e9 sur la <strong data-start=\"232\" data-end=\"254\">Egyptian method<\/strong> et adapt\u00e9 aux <strong data-start=\"269\" data-end=\"310\">d\u00e9butants comme aux \u00e9tudiants avanc\u00e9s<\/strong>, a \u00e9t\u00e9 con\u00e7u pour <strong data-start=\"329\" data-end=\"400\">enregistrer, organiser et r\u00e9viser efficacement le vocabulaire arabe<\/strong>. Il permet de noter les <strong data-start=\"425\" data-end=\"455\">noms, verbes, conjugaisons<\/strong>, ainsi que les <strong data-start=\"471\" data-end=\"495\">synonymes, antonymes<\/strong> et des <strong data-start=\"503\" data-end=\"524\">phrases d\u2019exemple<\/strong>, tout en offrant un espace d\u00e9di\u00e9 \u00e0 la <strong data-start=\"563\" data-end=\"583\">r\u00e9daction \u00e9crite<\/strong>.<\/p>\n<p data-start=\"593\" data-end=\"861\">Utilis\u00e9 par les <strong data-start=\"609\" data-end=\"632\">\u00e9tudiants en \u00c9gypte<\/strong>, ce support constitue un <strong data-start=\"658\" data-end=\"689\">outil p\u00e9dagogique essentiel<\/strong> pour structurer l\u2019apprentissage et renforcer la m\u00e9morisation sur le long terme. Il accompagnera l\u2019\u00e9tudiant <strong data-start=\"797\" data-end=\"845\">tout au long de son parcours d\u2019apprentissage<\/strong>, in sh\u0101\u2019 All\u0101h.<\/p>\n<\/div>\n<\/div>\n<div class=\"wpb_text_column wpb_content_element vc_custom_1572206821019\">\n<p>&nbsp;<\/p>\n<\/div>","protected":false},"featured_media":1492,"template":"","meta":{"site-sidebar-layout":"default","site-content-layout":"","ast-site-content-layout":"default","site-content-style":"default","site-sidebar-style":"default","ast-global-header-display":"","ast-banner-title-visibility":"","ast-main-header-display":"","ast-hfb-above-header-display":"","ast-hfb-below-header-display":"","ast-hfb-mobile-header-display":"","site-post-title":"","ast-breadcrumbs-content":"","ast-featured-img":"","footer-sml-layout":"","theme-transparent-header-meta":"default","adv-header-id-meta":"","stick-header-meta":"","header-above-stick-meta":"","header-main-stick-meta":"","header-below-stick-meta":"","astra-migrate-meta-layouts":"set","ast-page-background-enabled":"default","ast-page-background-meta":{"desktop":{"background-color":"var(--ast-global-color-4)","background-image":"","background-repeat":"repeat","background-position":"center center","background-size":"auto","background-attachment":"scroll","background-type":"","background-media":"","overlay-type":"","overlay-color":"","overlay-gradient":""},"tablet":{"background-color":"","background-image":"","background-repeat":"repeat","background-position":"center center","background-size":"auto","background-attachment":"scroll","background-type":"","background-media":"","overlay-type":"","overlay-color":"","overlay-gradient":""},"mobile":{"background-color":"","background-image":"","background-repeat":"repeat","background-position":"center center","background-size":"auto","background-attachment":"scroll","background-type":"","background-media":"","overlay-type":"","overlay-color":"","overlay-gradient":""}},"ast-content-background-meta":{"desktop":{"background-color":"var(--ast-global-color-5)","background-image":"","background-repeat":"repeat","background-position":"center center","background-size":"auto","background-attachment":"scroll","background-type":"","background-media":"","overlay-type":"","overlay-color":"","overlay-gradient":""},"tablet":{"background-color":"var(--ast-global-color-5)","background-image":"","background-repeat":"repeat","background-position":"center center","background-size":"auto","background-attachment":"scroll","background-type":"","background-media":"","overlay-type":"","overlay-color":"","overlay-gradient":""},"mobile":{"background-color":"var(--ast-global-color-5)","background-image":"","background-repeat":"repeat","background-position":"center center","background-size":"auto","background-attachment":"scroll","background-type":"","background-media":"","overlay-type":"","overlay-color":"","overlay-gradient":""}},"_joinchat":[]},"product_brand":[],"product_cat":[29,23],"product_tag":[79,81,89,87,77,82],"class_list":{"0":"post-1419","1":"product","2":"type-product","3":"status-publish","4":"has-post-thumbnail","6":"product_cat-livre-expression-orale","7":"product_cat-livres-langue-arabe","8":"product_tag-debutants","9":"product_tag-expression-orale","10":"product_tag-livres-al-forqane","11":"product_tag-memorisation","12":"product_tag-methode-al-forqane","13":"product_tag-parler-arabe","14":"desktop-align-left","15":"tablet-align-left","16":"mobile-align-left","18":"first","19":"instock","20":"sale","21":"downloadable","22":"virtual","23":"purchasable","24":"product-type-simple"},"yoast_head":"<!-- This site is optimized with the Yoast SEO plugin v27.5 - https:\/\/yoast.com\/product\/yoast-seo-wordpress\/ -->\n<title>Cahier de vocabulaire arabe \u2013 M\u00e9thode \u00e9gyptienne (PDF)<\/title>\n<meta name=\"description\" content=\"Cahier de vocabulaire arabe m\u00e9thode \u00e9gyptienne. Outil clair pour m\u00e9moriser, r\u00e9viser et organiser le vocabulaire arabe.\" \/>\n<meta name=\"robots\" content=\"index, follow, max-snippet:-1, max-image-preview:large, max-video-preview:-1\" \/>\n<link rel=\"canonical\" href=\"https:\/\/www.coursdelanguearabe.com\/en\/product\/cahier-de-vocabulaire\/\" \/>\n<meta property=\"og:locale\" content=\"en_US\" \/>\n<meta property=\"og:type\" content=\"article\" \/>\n<meta property=\"og:title\" content=\"Cahier de vocabulaire arabe \u2013 M\u00e9thode \u00e9gyptienne (PDF)\" \/>\n<meta property=\"og:description\" content=\"Cahier de vocabulaire arabe m\u00e9thode \u00e9gyptienne. Outil clair pour m\u00e9moriser, r\u00e9viser et organiser le vocabulaire arabe.\" \/>\n<meta property=\"og:url\" content=\"https:\/\/www.coursdelanguearabe.com\/en\/product\/cahier-de-vocabulaire\/\" \/>\n<meta property=\"og:site_name\" content=\"Cours de Langue Arabe\" \/>\n<meta property=\"article:publisher\" content=\"https:\/\/www.facebook.com\/courslanguearabe\/\" \/>\n<meta property=\"article:modified_time\" content=\"2026-02-09T12:29:44+00:00\" \/>\n<meta property=\"og:image\" content=\"https:\/\/www.coursdelanguearabe.com\/wp-content\/uploads\/2026\/01\/2023-11-23-11_10_59-Cahier-vocabulaire-Oktoub-Foxit-Reader.png\" \/>\n\t<meta property=\"og:image:width\" content=\"776\" \/>\n\t<meta property=\"og:image:height\" content=\"1075\" \/>\n\t<meta property=\"og:image:type\" content=\"image\/png\" \/>\n<meta name=\"twitter:card\" content=\"summary_large_image\" \/>\n<meta name=\"twitter:label1\" content=\"Est. reading time\" \/>\n\t<meta name=\"twitter:data1\" content=\"2 minutes\" \/>\n<script type=\"application\/ld+json\" class=\"yoast-schema-graph\">{\"@context\":\"https:\\\/\\\/schema.org\",\"@graph\":[{\"@type\":\"WebPage\",\"@id\":\"https:\\\/\\\/www.coursdelanguearabe.com\\\/produit\\\/cahier-de-vocabulaire\\\/\",\"url\":\"https:\\\/\\\/www.coursdelanguearabe.com\\\/produit\\\/cahier-de-vocabulaire\\\/\",\"name\":\"Cahier de vocabulaire arabe \u2013 M\u00e9thode \u00e9gyptienne (PDF)\",\"isPartOf\":{\"@id\":\"https:\\\/\\\/www.coursdelanguearabe.com\\\/#website\"},\"primaryImageOfPage\":{\"@id\":\"https:\\\/\\\/www.coursdelanguearabe.com\\\/produit\\\/cahier-de-vocabulaire\\\/#primaryimage\"},\"image\":{\"@id\":\"https:\\\/\\\/www.coursdelanguearabe.com\\\/produit\\\/cahier-de-vocabulaire\\\/#primaryimage\"},\"thumbnailUrl\":\"https:\\\/\\\/www.coursdelanguearabe.com\\\/wp-content\\\/uploads\\\/2026\\\/01\\\/2023-11-23-11_10_59-Cahier-vocabulaire-Oktoub-Foxit-Reader.png\",\"datePublished\":\"2026-01-15T14:41:35+00:00\",\"dateModified\":\"2026-02-09T12:29:44+00:00\",\"description\":\"Cahier de vocabulaire arabe m\u00e9thode \u00e9gyptienne. Outil clair pour m\u00e9moriser, r\u00e9viser et organiser le vocabulaire arabe.\",\"breadcrumb\":{\"@id\":\"https:\\\/\\\/www.coursdelanguearabe.com\\\/produit\\\/cahier-de-vocabulaire\\\/#breadcrumb\"},\"inLanguage\":\"en-US\",\"potentialAction\":[{\"@type\":\"ReadAction\",\"target\":[\"https:\\\/\\\/www.coursdelanguearabe.com\\\/produit\\\/cahier-de-vocabulaire\\\/\"]}]},{\"@type\":\"ImageObject\",\"inLanguage\":\"en-US\",\"@id\":\"https:\\\/\\\/www.coursdelanguearabe.com\\\/produit\\\/cahier-de-vocabulaire\\\/#primaryimage\",\"url\":\"https:\\\/\\\/www.coursdelanguearabe.com\\\/wp-content\\\/uploads\\\/2026\\\/01\\\/2023-11-23-11_10_59-Cahier-vocabulaire-Oktoub-Foxit-Reader.png\",\"contentUrl\":\"https:\\\/\\\/www.coursdelanguearabe.com\\\/wp-content\\\/uploads\\\/2026\\\/01\\\/2023-11-23-11_10_59-Cahier-vocabulaire-Oktoub-Foxit-Reader.png\",\"width\":776,\"height\":1075,\"caption\":\"Cours de Langue Arabe - Cahier-vocabulaire\"},{\"@type\":\"BreadcrumbList\",\"@id\":\"https:\\\/\\\/www.coursdelanguearabe.com\\\/produit\\\/cahier-de-vocabulaire\\\/#breadcrumb\",\"itemListElement\":[{\"@type\":\"ListItem\",\"position\":1,\"name\":\"Home\",\"item\":\"https:\\\/\\\/www.coursdelanguearabe.com\\\/\"},{\"@type\":\"ListItem\",\"position\":2,\"name\":\"Cours d\u2019arabe &#038; livres\",\"item\":\"https:\\\/\\\/www.coursdelanguearabe.com\\\/cours-darabe-livres\\\/\"},{\"@type\":\"ListItem\",\"position\":3,\"name\":\"Cahier de vocabulaire \u2013 M\u00e9thode \u00e9gyptienne\"}]},{\"@type\":\"WebSite\",\"@id\":\"https:\\\/\\\/www.coursdelanguearabe.com\\\/#website\",\"url\":\"https:\\\/\\\/www.coursdelanguearabe.com\\\/\",\"name\":\"Cours de Langue Arabe\",\"description\":\"Cours de langue arabe en ligne\",\"publisher\":{\"@id\":\"https:\\\/\\\/www.coursdelanguearabe.com\\\/#organization\"},\"potentialAction\":[{\"@type\":\"SearchAction\",\"target\":{\"@type\":\"EntryPoint\",\"urlTemplate\":\"https:\\\/\\\/www.coursdelanguearabe.com\\\/?s={search_term_string}\"},\"query-input\":{\"@type\":\"PropertyValueSpecification\",\"valueRequired\":true,\"valueName\":\"search_term_string\"}}],\"inLanguage\":\"en-US\"},{\"@type\":\"Organization\",\"@id\":\"https:\\\/\\\/www.coursdelanguearabe.com\\\/#organization\",\"name\":\"Cours de Langue Arabe\",\"url\":\"https:\\\/\\\/www.coursdelanguearabe.com\\\/\",\"logo\":{\"@type\":\"ImageObject\",\"inLanguage\":\"en-US\",\"@id\":\"https:\\\/\\\/www.coursdelanguearabe.com\\\/#\\\/schema\\\/logo\\\/image\\\/\",\"url\":\"https:\\\/\\\/www.coursdelanguearabe.com\\\/wp-content\\\/uploads\\\/2026\\\/02\\\/cropped-cropped-cropped-Lance-Ton-Merkez-19-1.png\",\"contentUrl\":\"https:\\\/\\\/www.coursdelanguearabe.com\\\/wp-content\\\/uploads\\\/2026\\\/02\\\/cropped-cropped-cropped-Lance-Ton-Merkez-19-1.png\",\"width\":512,\"height\":512,\"caption\":\"Cours de Langue Arabe\"},\"image\":{\"@id\":\"https:\\\/\\\/www.coursdelanguearabe.com\\\/#\\\/schema\\\/logo\\\/image\\\/\"},\"sameAs\":[\"https:\\\/\\\/www.facebook.com\\\/courslanguearabe\\\/\"]}]}<\/script>\n<!-- \/ Yoast SEO plugin. -->","yoast_head_json":{"title":"Cahier de vocabulaire arabe \u2013 M\u00e9thode \u00e9gyptienne (PDF)","description":"Cahier de vocabulaire arabe m\u00e9thode \u00e9gyptienne. Outil clair pour m\u00e9moriser, r\u00e9viser et organiser le vocabulaire arabe.","robots":{"index":"index","follow":"follow","max-snippet":"max-snippet:-1","max-image-preview":"max-image-preview:large","max-video-preview":"max-video-preview:-1"},"canonical":"https:\/\/www.coursdelanguearabe.com\/en\/product\/cahier-de-vocabulaire\/","og_locale":"en_US","og_type":"article","og_title":"Cahier de vocabulaire arabe \u2013 M\u00e9thode \u00e9gyptienne (PDF)","og_description":"Cahier de vocabulaire arabe m\u00e9thode \u00e9gyptienne. Outil clair pour m\u00e9moriser, r\u00e9viser et organiser le vocabulaire arabe.","og_url":"https:\/\/www.coursdelanguearabe.com\/en\/product\/cahier-de-vocabulaire\/","og_site_name":"Cours de Langue Arabe","article_publisher":"https:\/\/www.facebook.com\/courslanguearabe\/","article_modified_time":"2026-02-09T12:29:44+00:00","og_image":[{"width":776,"height":1075,"url":"https:\/\/www.coursdelanguearabe.com\/wp-content\/uploads\/2026\/01\/2023-11-23-11_10_59-Cahier-vocabulaire-Oktoub-Foxit-Reader.png","type":"image\/png"}],"twitter_card":"summary_large_image","twitter_misc":{"Est. reading time":"2 minutes"},"schema":{"@context":"https:\/\/schema.org","@graph":[{"@type":"WebPage","@id":"https:\/\/www.coursdelanguearabe.com\/produit\/cahier-de-vocabulaire\/","url":"https:\/\/www.coursdelanguearabe.com\/produit\/cahier-de-vocabulaire\/","name":"Cahier de vocabulaire arabe \u2013 M\u00e9thode \u00e9gyptienne (PDF)","isPartOf":{"@id":"https:\/\/www.coursdelanguearabe.com\/#website"},"primaryImageOfPage":{"@id":"https:\/\/www.coursdelanguearabe.com\/produit\/cahier-de-vocabulaire\/#primaryimage"},"image":{"@id":"https:\/\/www.coursdelanguearabe.com\/produit\/cahier-de-vocabulaire\/#primaryimage"},"thumbnailUrl":"https:\/\/www.coursdelanguearabe.com\/wp-content\/uploads\/2026\/01\/2023-11-23-11_10_59-Cahier-vocabulaire-Oktoub-Foxit-Reader.png","datePublished":"2026-01-15T14:41:35+00:00","dateModified":"2026-02-09T12:29:44+00:00","description":"Cahier de vocabulaire arabe m\u00e9thode \u00e9gyptienne. Outil clair pour m\u00e9moriser, r\u00e9viser et organiser le vocabulaire arabe.","breadcrumb":{"@id":"https:\/\/www.coursdelanguearabe.com\/produit\/cahier-de-vocabulaire\/#breadcrumb"},"inLanguage":"en-US","potentialAction":[{"@type":"ReadAction","target":["https:\/\/www.coursdelanguearabe.com\/produit\/cahier-de-vocabulaire\/"]}]},{"@type":"ImageObject","inLanguage":"en-US","@id":"https:\/\/www.coursdelanguearabe.com\/produit\/cahier-de-vocabulaire\/#primaryimage","url":"https:\/\/www.coursdelanguearabe.com\/wp-content\/uploads\/2026\/01\/2023-11-23-11_10_59-Cahier-vocabulaire-Oktoub-Foxit-Reader.png","contentUrl":"https:\/\/www.coursdelanguearabe.com\/wp-content\/uploads\/2026\/01\/2023-11-23-11_10_59-Cahier-vocabulaire-Oktoub-Foxit-Reader.png","width":776,"height":1075,"caption":"Cours de Langue Arabe - Cahier-vocabulaire"},{"@type":"BreadcrumbList","@id":"https:\/\/www.coursdelanguearabe.com\/produit\/cahier-de-vocabulaire\/#breadcrumb","itemListElement":[{"@type":"ListItem","position":1,"name":"Home","item":"https:\/\/www.coursdelanguearabe.com\/"},{"@type":"ListItem","position":2,"name":"Cours d\u2019arabe &#038; livres","item":"https:\/\/www.coursdelanguearabe.com\/cours-darabe-livres\/"},{"@type":"ListItem","position":3,"name":"Cahier de vocabulaire \u2013 M\u00e9thode \u00e9gyptienne"}]},{"@type":"WebSite","@id":"https:\/\/www.coursdelanguearabe.com\/#website","url":"https:\/\/www.coursdelanguearabe.com\/","name":"Arabic Language Course","description":"Cours de langue arabe en ligne","publisher":{"@id":"https:\/\/www.coursdelanguearabe.com\/#organization"},"potentialAction":[{"@type":"SearchAction","target":{"@type":"EntryPoint","urlTemplate":"https:\/\/www.coursdelanguearabe.com\/?s={search_term_string}"},"query-input":{"@type":"PropertyValueSpecification","valueRequired":true,"valueName":"search_term_string"}}],"inLanguage":"en-US"},{"@type":"Organization","@id":"https:\/\/www.coursdelanguearabe.com\/#organization","name":"Arabic Language Course","url":"https:\/\/www.coursdelanguearabe.com\/","logo":{"@type":"ImageObject","inLanguage":"en-US","@id":"https:\/\/www.coursdelanguearabe.com\/#\/schema\/logo\/image\/","url":"https:\/\/www.coursdelanguearabe.com\/wp-content\/uploads\/2026\/02\/cropped-cropped-cropped-Lance-Ton-Merkez-19-1.png","contentUrl":"https:\/\/www.coursdelanguearabe.com\/wp-content\/uploads\/2026\/02\/cropped-cropped-cropped-Lance-Ton-Merkez-19-1.png","width":512,"height":512,"caption":"Cours de Langue Arabe"},"image":{"@id":"https:\/\/www.coursdelanguearabe.com\/#\/schema\/logo\/image\/"},"sameAs":["https:\/\/www.facebook.com\/courslanguearabe\/"]}]}},"_links":{"self":[{"href":"https:\/\/www.coursdelanguearabe.com\/en\/wp-json\/wp\/v2\/product\/1419","targetHints":{"allow":["GET"]}}],"collection":[{"href":"https:\/\/www.coursdelanguearabe.com\/en\/wp-json\/wp\/v2\/product"}],"about":[{"href":"https:\/\/www.coursdelanguearabe.com\/en\/wp-json\/wp\/v2\/types\/product"}],"wp:featuredmedia":[{"embeddable":true,"href":"https:\/\/www.coursdelanguearabe.com\/en\/wp-json\/wp\/v2\/media\/1492"}],"wp:attachment":[{"href":"https:\/\/www.coursdelanguearabe.com\/en\/wp-json\/wp\/v2\/media?parent=1419"}],"wp:term":[{"taxonomy":"product_brand","embeddable":true,"href":"https:\/\/www.coursdelanguearabe.com\/en\/wp-json\/wp\/v2\/product_brand?post=1419"},{"taxonomy":"product_cat","embeddable":true,"href":"https:\/\/www.coursdelanguearabe.com\/en\/wp-json\/wp\/v2\/product_cat?post=1419"},{"taxonomy":"product_tag","embeddable":true,"href":"https:\/\/www.coursdelanguearabe.com\/en\/wp-json\/wp\/v2\/product_tag?post=1419"}],"curies":[{"name":"wp","href":"https:\/\/api.w.org\/{rel}","templated":true}]}}