{"id":1424,"date":"2026-01-15T14:41:35","date_gmt":"2026-01-15T14:41:35","guid":{"rendered":"https:\/\/www.coursdelanguearabe.com\/?post_type=product&#038;p=1424"},"modified":"2026-02-09T12:29:15","modified_gmt":"2026-02-09T12:29:15","slug":"al-arabiya-bayna-yadayk","status":"publish","type":"product","link":"https:\/\/www.coursdelanguearabe.com\/en\/product\/al-arabiya-bayna-yadayk\/","title":{"rendered":"Al Arabiya Bayna Yadayk"},"content":{"rendered":"<h1 data-start=\"492\" data-end=\"530\">\ud83d\udcd8 Al Arabiya Bayna Yadayk (4 Volumes)<\/h1>\n<p data-start=\"532\" data-end=\"752\">The program <strong data-start=\"545\" data-end=\"572\">Al Arabiya Bayna Yadayk<\/strong> is designed for non-native learners who wish to learn Modern Standard Arabic (MSA).<br data-start=\"666\" data-end=\"669\" \/>Thanks to its progressive methodology, each student progresses step by step \ud83d\udcc8<\/p>\n<p data-start=\"754\" data-end=\"866\">Thus, the program facilitates the understanding, communication, and practice of Arabic for all levels.<\/p>\n<hr data-start=\"868\" data-end=\"871\" \/>\n<h2 data-start=\"873\" data-end=\"917\">\ud83c\udfd7\ufe0f A structured and progressive method<\/h2>\n<p data-start=\"919\" data-end=\"1096\">This program is based on a clear and organized approach.<br data-start=\"1004\" data-end=\"1007\" \/>Each volume introduces new concepts, consolidating vocabulary and grammar.<\/p>\n<p data-start=\"1098\" data-end=\"1246\">In addition, the exercises are gradual and adapted to each stage.<br data-start=\"1161\" data-end=\"1164\" \/>As a result, learners develop their skills without overload or confusion.<\/p>\n<hr data-start=\"1248\" data-end=\"1251\" \/>\n<h2 data-start=\"1253\" data-end=\"1297\">\ud83e\udde0 Skills covered by the program<\/h2>\n<p data-start=\"1299\" data-end=\"1393\">With <strong data-start=\"1304\" data-end=\"1331\">Al Arabiya Bayna Yadayk<\/strong>, students improve several aspects of the Arabic language:<\/p>\n<ul data-start=\"1395\" data-end=\"1549\">\n<li data-start=\"1395\" data-end=\"1423\">\n<p data-start=\"1397\" data-end=\"1423\">grammar and conjugation<\/p>\n<\/li>\n<li data-start=\"1424\" data-end=\"1466\">\n<p data-start=\"1426\" data-end=\"1466\">everyday and professional vocabulary<\/p>\n<\/li>\n<li data-start=\"1467\" data-end=\"1504\">\n<p data-start=\"1469\" data-end=\"1504\">correct pronunciation and reading<\/p>\n<\/li>\n<li data-start=\"1505\" data-end=\"1549\">\n<p data-start=\"1507\" data-end=\"1549\">oral expression and written comprehension<\/p>\n<\/li>\n<\/ul>\n<p data-start=\"1551\" data-end=\"1638\">Thus, the program remains comprehensive and suitable for independent study or study at an institute.<\/p>\n<hr data-start=\"1640\" data-end=\"1643\" \/>\n<h2 data-start=\"1645\" data-end=\"1679\">\ud83c\udfa7 A variety of teaching aids<\/h2>\n<p data-start=\"1681\" data-end=\"1734\">Each volume includes:<\/p>\n<ul data-start=\"1736\" data-end=\"1894\">\n<li data-start=\"1736\" data-end=\"1768\">\n<p data-start=\"1738\" data-end=\"1768\">a clear and structured manual<\/p>\n<\/li>\n<li data-start=\"1769\" data-end=\"1805\">\n<p data-start=\"1771\" data-end=\"1805\">a progressive workbook<\/p>\n<\/li>\n<li data-start=\"1806\" data-end=\"1857\">\n<p data-start=\"1808\" data-end=\"1857\">audio recordings for pronunciation<\/p>\n<\/li>\n<li data-start=\"1858\" data-end=\"1894\">\n<p data-start=\"1860\" data-end=\"1894\">other interactive resources<\/p>\n<\/li>\n<\/ul>\n<p data-start=\"1896\" data-end=\"1971\">These resources enable you to practice Arabic effectively, even outside of class.<\/p>\n<hr data-start=\"1973\" data-end=\"1976\" \/>\n<h2 data-start=\"1978\" data-end=\"2018\">\ud83c\udf0d A globally recognized method<\/h2>\n<p data-start=\"2020\" data-end=\"2228\">The program is used in many institutes and language schools around the world \ud83c\udf10<br data-start=\"2141\" data-end=\"2144\" \/>It is suitable for adults, teenagers, and young learners of all nationalities.<\/p>\n<p data-start=\"2230\" data-end=\"2331\">This means you benefit from a proven, progressive, and interactive method that allows you to progress quickly.<\/p>\n<hr data-start=\"2333\" data-end=\"2336\" \/>\n<h2 data-start=\"2338\" data-end=\"2363\">\ud83d\udcd8 Program format<\/h2>\n<p data-start=\"2365\" data-end=\"2462\">Available in <strong data-start=\"2379\" data-end=\"2390\">4 volumes<\/strong> in paper and PDF format, <strong data-start=\"2416\" data-end=\"2443\">this program<\/strong> is ideal for:<\/p>\n<ul data-start=\"2464\" data-end=\"2572\">\n<li data-start=\"2464\" data-end=\"2492\">\n<p data-start=\"2466\" data-end=\"2492\">self-directed learning<\/p>\n<\/li>\n<li data-start=\"2493\" data-end=\"2517\">\n<p data-start=\"2495\" data-end=\"2517\">follow-up at the institute<\/p>\n<\/li>\n<li data-start=\"2518\" data-end=\"2572\">\n<p data-start=\"2520\" data-end=\"2572\">improvement of oral and written communication<\/p>\n<\/li>\n<\/ul>\n<p data-start=\"2574\" data-end=\"2685\">\ud83d\udc49 Start your journey with <strong data-start=\"2607\" data-end=\"2634\">Al Arabiya Bayna Yadayk<\/strong> to master Modern Standard Arabic step by step.<\/p>\n\n    <div class=\"xs_social_share_widget xs_share_url after_content \t\tmain_content  wslu-style-1 wslu-share-box-shaped wslu-fill-colored wslu-none wslu-share-horizontal wslu-theme-font-no wslu-main_content\">\n\n\t\t\n        <ul>\n\t\t\t        <\/ul>\n    <\/div>","protected":false},"excerpt":{"rendered":"<p>\u00ab\u00a0Al Arabiya Bayna Yadayk\u00a0\u00bb est un programme d&rsquo;enseignement de la langue arabe largement utilis\u00e9 dans le monde pour les apprenants non natifs. Il est particuli\u00e8rement populaire en raison de sa m\u00e9thodologie structur\u00e9e et progressive qui vise \u00e0 faciliter l&rsquo;apprentissage de l&rsquo;arabe moderne standard (MSA) et \u00e0 d\u00e9velopper les comp\u00e9tences de communication des apprenants.<\/p>\n<p>&nbsp;<\/p>\n<p>&nbsp;<\/p>","protected":false},"featured_media":1753,"template":"","meta":{"site-sidebar-layout":"default","site-content-layout":"","ast-site-content-layout":"default","site-content-style":"default","site-sidebar-style":"default","ast-global-header-display":"","ast-banner-title-visibility":"","ast-main-header-display":"","ast-hfb-above-header-display":"","ast-hfb-below-header-display":"","ast-hfb-mobile-header-display":"","site-post-title":"","ast-breadcrumbs-content":"","ast-featured-img":"","footer-sml-layout":"","theme-transparent-header-meta":"default","adv-header-id-meta":"","stick-header-meta":"","header-above-stick-meta":"","header-main-stick-meta":"","header-below-stick-meta":"","astra-migrate-meta-layouts":"set","ast-page-background-enabled":"default","ast-page-background-meta":{"desktop":{"background-color":"var(--ast-global-color-4)","background-image":"","background-repeat":"repeat","background-position":"center center","background-size":"auto","background-attachment":"scroll","background-type":"","background-media":"","overlay-type":"","overlay-color":"","overlay-gradient":""},"tablet":{"background-color":"","background-image":"","background-repeat":"repeat","background-position":"center center","background-size":"auto","background-attachment":"scroll","background-type":"","background-media":"","overlay-type":"","overlay-color":"","overlay-gradient":""},"mobile":{"background-color":"","background-image":"","background-repeat":"repeat","background-position":"center center","background-size":"auto","background-attachment":"scroll","background-type":"","background-media":"","overlay-type":"","overlay-color":"","overlay-gradient":""}},"ast-content-background-meta":{"desktop":{"background-color":"var(--ast-global-color-5)","background-image":"","background-repeat":"repeat","background-position":"center center","background-size":"auto","background-attachment":"scroll","background-type":"","background-media":"","overlay-type":"","overlay-color":"","overlay-gradient":""},"tablet":{"background-color":"var(--ast-global-color-5)","background-image":"","background-repeat":"repeat","background-position":"center center","background-size":"auto","background-attachment":"scroll","background-type":"","background-media":"","overlay-type":"","overlay-color":"","overlay-gradient":""},"mobile":{"background-color":"var(--ast-global-color-5)","background-image":"","background-repeat":"repeat","background-position":"center center","background-size":"auto","background-attachment":"scroll","background-type":"","background-media":"","overlay-type":"","overlay-color":"","overlay-gradient":""}},"_joinchat":[]},"product_brand":[],"product_cat":[33],"product_tag":[80,79,95,25,128,140,82],"class_list":{"0":"post-1424","1":"product","2":"type-product","3":"status-publish","4":"has-post-thumbnail","6":"product_cat-telechargement-gratuit","7":"product_tag-apprendre-larabe","8":"product_tag-debutants","9":"product_tag-dialoguer-en-arabe","10":"product_tag-langue-arabe","11":"product_tag-lire-larabe","12":"product_tag-methode-complete","13":"product_tag-parler-arabe","14":"desktop-align-left","15":"tablet-align-left","16":"mobile-align-left","18":"first","19":"instock","20":"shipping-taxable","21":"purchasable","22":"product-type-variable"},"yoast_head":"<!-- This site is optimized with the Yoast SEO plugin v27.5 - https:\/\/yoast.com\/product\/yoast-seo-wordpress\/ -->\n<title>Al Arabiya Bayna Yadayk (4 Tomes) \u2013 Apprendre l\u2019arabe<\/title>\n<meta name=\"description\" content=\"D\u00e9couvrez Al Arabiya Bayna Yadayk : programme progressif en 4 tomes pour apprendre l\u2019arabe moderne standard et communiquer efficacement.\" \/>\n<meta name=\"robots\" content=\"index, follow, max-snippet:-1, max-image-preview:large, max-video-preview:-1\" \/>\n<link rel=\"canonical\" href=\"https:\/\/www.coursdelanguearabe.com\/en\/product\/al-arabiya-bayna-yadayk\/\" \/>\n<meta property=\"og:locale\" content=\"en_US\" \/>\n<meta property=\"og:type\" content=\"article\" \/>\n<meta property=\"og:title\" content=\"Al Arabiya Bayna Yadayk (4 Tomes) \u2013 Apprendre l\u2019arabe\" \/>\n<meta property=\"og:description\" content=\"D\u00e9couvrez Al Arabiya Bayna Yadayk : programme progressif en 4 tomes pour apprendre l\u2019arabe moderne standard et communiquer efficacement.\" \/>\n<meta property=\"og:url\" content=\"https:\/\/www.coursdelanguearabe.com\/en\/product\/al-arabiya-bayna-yadayk\/\" \/>\n<meta property=\"og:site_name\" content=\"Cours de Langue Arabe\" \/>\n<meta property=\"article:publisher\" content=\"https:\/\/www.facebook.com\/courslanguearabe\/\" \/>\n<meta property=\"article:modified_time\" content=\"2026-02-09T12:29:15+00:00\" \/>\n<meta property=\"og:image\" content=\"https:\/\/www.coursdelanguearabe.com\/wp-content\/uploads\/2026\/01\/2026-01-21-22_38_47-\u0627\u0644\u0639\u0631\u0628\u064a\u0629-\u0628\u064a\u0646-\u064a\u062f\u064a\u0643-Al-Arabiyyah-Bayna-Yadayk-Book1-Part2.pdf-_-Foxit-Reader-1.png\" \/>\n\t<meta property=\"og:image:width\" content=\"775\" \/>\n\t<meta property=\"og:image:height\" content=\"1073\" \/>\n\t<meta property=\"og:image:type\" content=\"image\/png\" \/>\n<meta name=\"twitter:card\" content=\"summary_large_image\" \/>\n<meta name=\"twitter:label1\" content=\"Est. reading time\" \/>\n\t<meta name=\"twitter:data1\" content=\"2 minutes\" \/>\n<script type=\"application\/ld+json\" class=\"yoast-schema-graph\">{\"@context\":\"https:\\\/\\\/schema.org\",\"@graph\":[{\"@type\":\"WebPage\",\"@id\":\"https:\\\/\\\/www.coursdelanguearabe.com\\\/produit\\\/al-arabiya-bayna-yadayk\\\/\",\"url\":\"https:\\\/\\\/www.coursdelanguearabe.com\\\/produit\\\/al-arabiya-bayna-yadayk\\\/\",\"name\":\"Al Arabiya Bayna Yadayk (4 Tomes) \u2013 Apprendre l\u2019arabe\",\"isPartOf\":{\"@id\":\"https:\\\/\\\/www.coursdelanguearabe.com\\\/#website\"},\"primaryImageOfPage\":{\"@id\":\"https:\\\/\\\/www.coursdelanguearabe.com\\\/produit\\\/al-arabiya-bayna-yadayk\\\/#primaryimage\"},\"image\":{\"@id\":\"https:\\\/\\\/www.coursdelanguearabe.com\\\/produit\\\/al-arabiya-bayna-yadayk\\\/#primaryimage\"},\"thumbnailUrl\":\"https:\\\/\\\/www.coursdelanguearabe.com\\\/wp-content\\\/uploads\\\/2026\\\/01\\\/2026-01-21-22_38_47-\u0627\u0644\u0639\u0631\u0628\u064a\u0629-\u0628\u064a\u0646-\u064a\u062f\u064a\u0643-Al-Arabiyyah-Bayna-Yadayk-Book1-Part2.pdf-_-Foxit-Reader-1.png\",\"datePublished\":\"2026-01-15T14:41:35+00:00\",\"dateModified\":\"2026-02-09T12:29:15+00:00\",\"description\":\"D\u00e9couvrez Al Arabiya Bayna Yadayk : programme progressif en 4 tomes pour apprendre l\u2019arabe moderne standard et communiquer efficacement.\",\"breadcrumb\":{\"@id\":\"https:\\\/\\\/www.coursdelanguearabe.com\\\/produit\\\/al-arabiya-bayna-yadayk\\\/#breadcrumb\"},\"inLanguage\":\"en-US\",\"potentialAction\":[{\"@type\":\"ReadAction\",\"target\":[\"https:\\\/\\\/www.coursdelanguearabe.com\\\/produit\\\/al-arabiya-bayna-yadayk\\\/\"]}]},{\"@type\":\"ImageObject\",\"inLanguage\":\"en-US\",\"@id\":\"https:\\\/\\\/www.coursdelanguearabe.com\\\/produit\\\/al-arabiya-bayna-yadayk\\\/#primaryimage\",\"url\":\"https:\\\/\\\/www.coursdelanguearabe.com\\\/wp-content\\\/uploads\\\/2026\\\/01\\\/2026-01-21-22_38_47-\u0627\u0644\u0639\u0631\u0628\u064a\u0629-\u0628\u064a\u0646-\u064a\u062f\u064a\u0643-Al-Arabiyyah-Bayna-Yadayk-Book1-Part2.pdf-_-Foxit-Reader-1.png\",\"contentUrl\":\"https:\\\/\\\/www.coursdelanguearabe.com\\\/wp-content\\\/uploads\\\/2026\\\/01\\\/2026-01-21-22_38_47-\u0627\u0644\u0639\u0631\u0628\u064a\u0629-\u0628\u064a\u0646-\u064a\u062f\u064a\u0643-Al-Arabiyyah-Bayna-Yadayk-Book1-Part2.pdf-_-Foxit-Reader-1.png\",\"width\":775,\"height\":1073,\"caption\":\"Cours de Langue Arabe - Al Arabiya bayna yadayk\"},{\"@type\":\"BreadcrumbList\",\"@id\":\"https:\\\/\\\/www.coursdelanguearabe.com\\\/produit\\\/al-arabiya-bayna-yadayk\\\/#breadcrumb\",\"itemListElement\":[{\"@type\":\"ListItem\",\"position\":1,\"name\":\"Home\",\"item\":\"https:\\\/\\\/www.coursdelanguearabe.com\\\/\"},{\"@type\":\"ListItem\",\"position\":2,\"name\":\"Cours d\u2019arabe &#038; livres\",\"item\":\"https:\\\/\\\/www.coursdelanguearabe.com\\\/cours-darabe-livres\\\/\"},{\"@type\":\"ListItem\",\"position\":3,\"name\":\"Al Arabiya Bayna Yadayk\"}]},{\"@type\":\"WebSite\",\"@id\":\"https:\\\/\\\/www.coursdelanguearabe.com\\\/#website\",\"url\":\"https:\\\/\\\/www.coursdelanguearabe.com\\\/\",\"name\":\"Cours de Langue Arabe\",\"description\":\"Cours de langue arabe en ligne\",\"publisher\":{\"@id\":\"https:\\\/\\\/www.coursdelanguearabe.com\\\/#organization\"},\"potentialAction\":[{\"@type\":\"SearchAction\",\"target\":{\"@type\":\"EntryPoint\",\"urlTemplate\":\"https:\\\/\\\/www.coursdelanguearabe.com\\\/?s={search_term_string}\"},\"query-input\":{\"@type\":\"PropertyValueSpecification\",\"valueRequired\":true,\"valueName\":\"search_term_string\"}}],\"inLanguage\":\"en-US\"},{\"@type\":\"Organization\",\"@id\":\"https:\\\/\\\/www.coursdelanguearabe.com\\\/#organization\",\"name\":\"Cours de Langue Arabe\",\"url\":\"https:\\\/\\\/www.coursdelanguearabe.com\\\/\",\"logo\":{\"@type\":\"ImageObject\",\"inLanguage\":\"en-US\",\"@id\":\"https:\\\/\\\/www.coursdelanguearabe.com\\\/#\\\/schema\\\/logo\\\/image\\\/\",\"url\":\"https:\\\/\\\/www.coursdelanguearabe.com\\\/wp-content\\\/uploads\\\/2026\\\/02\\\/cropped-cropped-cropped-Lance-Ton-Merkez-19-1.png\",\"contentUrl\":\"https:\\\/\\\/www.coursdelanguearabe.com\\\/wp-content\\\/uploads\\\/2026\\\/02\\\/cropped-cropped-cropped-Lance-Ton-Merkez-19-1.png\",\"width\":512,\"height\":512,\"caption\":\"Cours de Langue Arabe\"},\"image\":{\"@id\":\"https:\\\/\\\/www.coursdelanguearabe.com\\\/#\\\/schema\\\/logo\\\/image\\\/\"},\"sameAs\":[\"https:\\\/\\\/www.facebook.com\\\/courslanguearabe\\\/\"]}]}<\/script>\n<!-- \/ Yoast SEO plugin. -->","yoast_head_json":{"title":"Al Arabiya Bayna Yadayk (4 Tomes) \u2013 Apprendre l\u2019arabe","description":"D\u00e9couvrez Al Arabiya Bayna Yadayk : programme progressif en 4 tomes pour apprendre l\u2019arabe moderne standard et communiquer efficacement.","robots":{"index":"index","follow":"follow","max-snippet":"max-snippet:-1","max-image-preview":"max-image-preview:large","max-video-preview":"max-video-preview:-1"},"canonical":"https:\/\/www.coursdelanguearabe.com\/en\/product\/al-arabiya-bayna-yadayk\/","og_locale":"en_US","og_type":"article","og_title":"Al Arabiya Bayna Yadayk (4 Tomes) \u2013 Apprendre l\u2019arabe","og_description":"D\u00e9couvrez Al Arabiya Bayna Yadayk : programme progressif en 4 tomes pour apprendre l\u2019arabe moderne standard et communiquer efficacement.","og_url":"https:\/\/www.coursdelanguearabe.com\/en\/product\/al-arabiya-bayna-yadayk\/","og_site_name":"Cours de Langue Arabe","article_publisher":"https:\/\/www.facebook.com\/courslanguearabe\/","article_modified_time":"2026-02-09T12:29:15+00:00","og_image":[{"width":775,"height":1073,"url":"https:\/\/www.coursdelanguearabe.com\/wp-content\/uploads\/2026\/01\/2026-01-21-22_38_47-\u0627\u0644\u0639\u0631\u0628\u064a\u0629-\u0628\u064a\u0646-\u064a\u062f\u064a\u0643-Al-Arabiyyah-Bayna-Yadayk-Book1-Part2.pdf-_-Foxit-Reader-1.png","type":"image\/png"}],"twitter_card":"summary_large_image","twitter_misc":{"Est. reading time":"2 minutes"},"schema":{"@context":"https:\/\/schema.org","@graph":[{"@type":"WebPage","@id":"https:\/\/www.coursdelanguearabe.com\/produit\/al-arabiya-bayna-yadayk\/","url":"https:\/\/www.coursdelanguearabe.com\/produit\/al-arabiya-bayna-yadayk\/","name":"Al Arabiya Bayna Yadayk (4 Tomes) \u2013 Apprendre l\u2019arabe","isPartOf":{"@id":"https:\/\/www.coursdelanguearabe.com\/#website"},"primaryImageOfPage":{"@id":"https:\/\/www.coursdelanguearabe.com\/produit\/al-arabiya-bayna-yadayk\/#primaryimage"},"image":{"@id":"https:\/\/www.coursdelanguearabe.com\/produit\/al-arabiya-bayna-yadayk\/#primaryimage"},"thumbnailUrl":"https:\/\/www.coursdelanguearabe.com\/wp-content\/uploads\/2026\/01\/2026-01-21-22_38_47-\u0627\u0644\u0639\u0631\u0628\u064a\u0629-\u0628\u064a\u0646-\u064a\u062f\u064a\u0643-Al-Arabiyyah-Bayna-Yadayk-Book1-Part2.pdf-_-Foxit-Reader-1.png","datePublished":"2026-01-15T14:41:35+00:00","dateModified":"2026-02-09T12:29:15+00:00","description":"D\u00e9couvrez Al Arabiya Bayna Yadayk : programme progressif en 4 tomes pour apprendre l\u2019arabe moderne standard et communiquer efficacement.","breadcrumb":{"@id":"https:\/\/www.coursdelanguearabe.com\/produit\/al-arabiya-bayna-yadayk\/#breadcrumb"},"inLanguage":"en-US","potentialAction":[{"@type":"ReadAction","target":["https:\/\/www.coursdelanguearabe.com\/produit\/al-arabiya-bayna-yadayk\/"]}]},{"@type":"ImageObject","inLanguage":"en-US","@id":"https:\/\/www.coursdelanguearabe.com\/produit\/al-arabiya-bayna-yadayk\/#primaryimage","url":"https:\/\/www.coursdelanguearabe.com\/wp-content\/uploads\/2026\/01\/2026-01-21-22_38_47-\u0627\u0644\u0639\u0631\u0628\u064a\u0629-\u0628\u064a\u0646-\u064a\u062f\u064a\u0643-Al-Arabiyyah-Bayna-Yadayk-Book1-Part2.pdf-_-Foxit-Reader-1.png","contentUrl":"https:\/\/www.coursdelanguearabe.com\/wp-content\/uploads\/2026\/01\/2026-01-21-22_38_47-\u0627\u0644\u0639\u0631\u0628\u064a\u0629-\u0628\u064a\u0646-\u064a\u062f\u064a\u0643-Al-Arabiyyah-Bayna-Yadayk-Book1-Part2.pdf-_-Foxit-Reader-1.png","width":775,"height":1073,"caption":"Cours de Langue Arabe - Al Arabiya bayna yadayk"},{"@type":"BreadcrumbList","@id":"https:\/\/www.coursdelanguearabe.com\/produit\/al-arabiya-bayna-yadayk\/#breadcrumb","itemListElement":[{"@type":"ListItem","position":1,"name":"Home","item":"https:\/\/www.coursdelanguearabe.com\/"},{"@type":"ListItem","position":2,"name":"Cours d\u2019arabe &#038; livres","item":"https:\/\/www.coursdelanguearabe.com\/cours-darabe-livres\/"},{"@type":"ListItem","position":3,"name":"Al Arabiya Bayna Yadayk"}]},{"@type":"WebSite","@id":"https:\/\/www.coursdelanguearabe.com\/#website","url":"https:\/\/www.coursdelanguearabe.com\/","name":"Arabic Language Course","description":"Cours de langue arabe en ligne","publisher":{"@id":"https:\/\/www.coursdelanguearabe.com\/#organization"},"potentialAction":[{"@type":"SearchAction","target":{"@type":"EntryPoint","urlTemplate":"https:\/\/www.coursdelanguearabe.com\/?s={search_term_string}"},"query-input":{"@type":"PropertyValueSpecification","valueRequired":true,"valueName":"search_term_string"}}],"inLanguage":"en-US"},{"@type":"Organization","@id":"https:\/\/www.coursdelanguearabe.com\/#organization","name":"Arabic Language Course","url":"https:\/\/www.coursdelanguearabe.com\/","logo":{"@type":"ImageObject","inLanguage":"en-US","@id":"https:\/\/www.coursdelanguearabe.com\/#\/schema\/logo\/image\/","url":"https:\/\/www.coursdelanguearabe.com\/wp-content\/uploads\/2026\/02\/cropped-cropped-cropped-Lance-Ton-Merkez-19-1.png","contentUrl":"https:\/\/www.coursdelanguearabe.com\/wp-content\/uploads\/2026\/02\/cropped-cropped-cropped-Lance-Ton-Merkez-19-1.png","width":512,"height":512,"caption":"Cours de Langue Arabe"},"image":{"@id":"https:\/\/www.coursdelanguearabe.com\/#\/schema\/logo\/image\/"},"sameAs":["https:\/\/www.facebook.com\/courslanguearabe\/"]}]}},"_links":{"self":[{"href":"https:\/\/www.coursdelanguearabe.com\/en\/wp-json\/wp\/v2\/product\/1424","targetHints":{"allow":["GET"]}}],"collection":[{"href":"https:\/\/www.coursdelanguearabe.com\/en\/wp-json\/wp\/v2\/product"}],"about":[{"href":"https:\/\/www.coursdelanguearabe.com\/en\/wp-json\/wp\/v2\/types\/product"}],"wp:featuredmedia":[{"embeddable":true,"href":"https:\/\/www.coursdelanguearabe.com\/en\/wp-json\/wp\/v2\/media\/1753"}],"wp:attachment":[{"href":"https:\/\/www.coursdelanguearabe.com\/en\/wp-json\/wp\/v2\/media?parent=1424"}],"wp:term":[{"taxonomy":"product_brand","embeddable":true,"href":"https:\/\/www.coursdelanguearabe.com\/en\/wp-json\/wp\/v2\/product_brand?post=1424"},{"taxonomy":"product_cat","embeddable":true,"href":"https:\/\/www.coursdelanguearabe.com\/en\/wp-json\/wp\/v2\/product_cat?post=1424"},{"taxonomy":"product_tag","embeddable":true,"href":"https:\/\/www.coursdelanguearabe.com\/en\/wp-json\/wp\/v2\/product_tag?post=1424"}],"curies":[{"name":"wp","href":"https:\/\/api.w.org\/{rel}","templated":true}]}}