{"id":1698,"date":"2026-01-21T15:27:15","date_gmt":"2026-01-21T15:27:15","guid":{"rendered":"https:\/\/www.coursdelanguearabe.com\/?post_type=product&#038;p=1698"},"modified":"2026-02-09T12:28:45","modified_gmt":"2026-02-09T12:28:45","slug":"livre-japprends-larabe-niveau-1","status":"publish","type":"product","link":"https:\/\/www.coursdelanguearabe.com\/en\/product\/livre-japprends-larabe-niveau-1\/","title":{"rendered":"Book \u201cI'm Learning Arabic\u201d Level 1"},"content":{"rendered":"<div class=\"wpb_text_column wpb_content_element vc_custom_1572206809717\">\n<div class=\"wpb_wrapper\">\n<div class=\"flex-1 overflow-hidden\">\n<div class=\"react-scroll-to-bottom--css-glbdw-79elbk h-full dark:bg-gray-800\">\n<div class=\"react-scroll-to-bottom--css-glbdw-1n7m0yu\">\n<div class=\"flex flex-col text-sm dark:bg-gray-800\">\n<div class=\"group w-full text-token-text-primary border-b border-black\/10 dark:border-gray-900\/50 bg-gray-50 dark:bg-[#444654]\">\n<div class=\"flex p-4 gap-4 text-base md:gap-6 md:max-w-2xl lg:max-w-[38rem] xl:max-w-3xl md:py-6 lg:px-0 m-auto\">\n<div class=\"relative flex w-[calc(100%-50px)] flex-col gap-1 md:gap-3 lg:w-[calc(100%-115px)]\">\n<div class=\"flex flex-grow flex-col gap-3\">\n<div class=\"min-h-[20px] flex flex-col items-start gap-3 overflow-x-auto whitespace-pre-wrap break-words\">\n<div class=\"markdown prose w-full break-words dark:prose-invert light\">\n<p data-start=\"685\" data-end=\"900\"><strong data-start=\"685\" data-end=\"718\">J\u2019apprends l\u2019arabe \u2013 Niveau 1<\/strong> est un livre sp\u00e9cialement con\u00e7u pour aider les d\u00e9butants \u00e0 apprendre l\u2019arabe sereinement.<br data-start=\"808\" data-end=\"811\" \/>Il remplace le premier livre classique de la m\u00e9thode Al-Forqane, souvent jug\u00e9 trop dense.<\/p>\n<p data-start=\"902\" data-end=\"1004\">Ainsi, ce support propose une entr\u00e9e plus simple et plus accessible dans l\u2019apprentissage de l\u2019arabe \ud83c\udf31<\/p>\n<hr data-start=\"1006\" data-end=\"1009\" \/>\n<h2 data-start=\"1011\" data-end=\"1055\">\ud83c\udfaf Une approche all\u00e9g\u00e9e pour bien d\u00e9buter<\/h2>\n<p data-start=\"1057\" data-end=\"1180\">Ce livre adopte une m\u00e9thode <strong data-start=\"1085\" data-end=\"1120\">progressive, cibl\u00e9e et efficace<\/strong>.<br data-start=\"1121\" data-end=\"1124\" \/>Il se concentre uniquement sur les notions essentielles.<\/p>\n<p data-start=\"1182\" data-end=\"1352\">Par cons\u00e9quent, l\u2019\u00e9l\u00e8ve avance sans surcharge inutile de vocabulaire.<br data-start=\"1251\" data-end=\"1254\" \/>De plus, chaque notion est expliqu\u00e9e clairement, afin de faciliter la compr\u00e9hension d\u00e8s le d\u00e9part.<\/p>\n<p data-start=\"1354\" data-end=\"1441\">Gr\u00e2ce \u00e0 cette approche, <strong data-start=\"1378\" data-end=\"1408\">apprendre l\u2019arabe niveau 1<\/strong> devient plus fluide et motivant.<\/p>\n<hr data-start=\"1443\" data-end=\"1446\" \/>\n<h2 data-start=\"1448\" data-end=\"1497\">\ud83d\udcd6 Les bases indispensables de la langue arabe<\/h2>\n<p data-start=\"1499\" data-end=\"1581\">Le livre <strong data-start=\"1508\" data-end=\"1541\">J\u2019apprends l\u2019arabe \u2013 Niveau 1<\/strong> aborde les fondements incontournables :<\/p>\n<p data-start=\"1583\" data-end=\"1703\">\ud83d\udcd8 l\u2019alphabet arabe<br data-start=\"1602\" data-end=\"1605\" \/>\ud83d\udcd8 les voyelles courtes et longues<br data-start=\"1639\" data-end=\"1642\" \/>\ud83d\udcd8 l\u2019attachement des lettres en d\u00e9but, milieu et fin de mot<\/p>\n<p data-start=\"1705\" data-end=\"1847\">Ainsi, l\u2019\u00e9tudiant acquiert rapidement des bases solides et coh\u00e9rentes.<br data-start=\"1775\" data-end=\"1778\" \/>Ensuite, il peut progresser avec confiance vers les niveaux suivants.<\/p>\n<hr data-start=\"1849\" data-end=\"1852\" \/>\n<h2 data-start=\"1854\" data-end=\"1909\">\ud83e\udded Un outil de transition vers la m\u00e9thode Al-Forqane<\/h2>\n<p data-start=\"1911\" data-end=\"2068\">Ce livre joue un r\u00f4le cl\u00e9 dans la progression p\u00e9dagogique.<br data-start=\"1969\" data-end=\"1972\" \/>En effet, il pr\u00e9pare efficacement l\u2019\u00e9tudiant \u00e0 entrer dans le niveau 2 de la m\u00e9thode Al-Forqane.<\/p>\n<p data-start=\"2070\" data-end=\"2258\">Gr\u00e2ce \u00e0 <strong data-start=\"2078\" data-end=\"2111\">J\u2019apprends l\u2019arabe \u2013 Niveau 1<\/strong>, l\u2019apprenant assimile les bases avant d\u2019aborder des contenus plus avanc\u00e9s.<br data-start=\"2186\" data-end=\"2189\" \/>Par cons\u00e9quent, la progression devient plus naturelle et plus stable.<\/p>\n<hr data-start=\"2260\" data-end=\"2263\" \/>\n<h2 data-start=\"2265\" data-end=\"2298\">\ud83d\udd13 Version gratuite disponible<\/h2>\n<p data-start=\"2300\" data-end=\"2474\">Afin de d\u00e9couvrir la m\u00e9thode, les <strong data-start=\"2334\" data-end=\"2386\">premiers chapitres sont disponibles gratuitement<\/strong>.<br data-start=\"2387\" data-end=\"2390\" \/>Ainsi, chaque \u00e9tudiant peut tester le contenu avant de poursuivre le cursus complet.<\/p>\n<hr data-start=\"2521\" data-end=\"2524\" \/>\n<h2 data-start=\"2526\" data-end=\"2579\">\u2b50 Pourquoi choisir J\u2019apprends l\u2019arabe \u2013 Niveau 1 ?<\/h2>\n<p data-start=\"2581\" data-end=\"2740\">\u2714\ufe0f Id\u00e9al pour d\u00e9butants<br data-start=\"2604\" data-end=\"2607\" \/>\u2714\ufe0f M\u00e9thode claire et progressive<br data-start=\"2639\" data-end=\"2642\" \/>\u2714\ufe0f Remplace efficacement Mouqadimah Alif<br data-start=\"2682\" data-end=\"2685\" \/>\u2714\ufe0f Pr\u00e9pare au niveau 2 Al-Forqane<br data-start=\"2718\" data-end=\"2721\" \/>\u2714\ufe0f <strong data-start=\"2724\" data-end=\"2740\">Format : PDF<\/strong><\/p>\n<p data-start=\"2742\" data-end=\"2836\">\ud83d\udc49 <strong data-start=\"2745\" data-end=\"2775\">Apprendre l\u2019arabe niveau 1<\/strong> commence ici, avec un support simple, structur\u00e9 et efficace.<\/p>\n<\/div>\n<\/div>\n<\/div>\n<div class=\"flex justify-between lg:block\">\n<div class=\"text-gray-400 flex self-end lg:self-center justify-center mt-2 gap-2 md:gap-3 lg:gap-1 lg:absolute lg:top-0 lg:translate-x-full lg:right-0 lg:mt-0 lg:pl-2 visible\">\n<p>&nbsp;<\/p>\n<div class=\"flex gap-1\"><\/div>\n<\/div>\n<\/div>\n<\/div>\n<\/div>\n<\/div>\n<div class=\"h-32 md:h-48 flex-shrink-0\"><\/div>\n<p>&nbsp;<\/p>\n<\/div>\n<\/div>\n<\/div>\n<\/div>\n<div class=\"absolute bottom-0 left-0 w-full border-t md:border-t-0 dark:border-white\/20 md:border-transparent md:dark:border-transparent md:bg-vert-light-gradient bg-white dark:bg-gray-800 md:!bg-transparent dark:md:bg-vert-dark-gradient pt-2 md:pl-2 md:w-[calc(100%-.5rem)]\">\n<form class=\"stretch mx-2 flex flex-row gap-3 last:mb-2 md:mx-4 md:last:mb-6 lg:mx-auto lg:max-w-2xl xl:max-w-3xl\">\n<div class=\"relative flex h-full flex-1 items-stretch md:flex-col\" role=\"presentation\">\n<div>\n<div class=\"h-full flex ml-1 md:w-full md:m-auto md:mb-4 gap-0 md:gap-2 justify-center\"><\/div>\n<\/div>\n<\/div>\n<\/form>\n<\/div>\n<\/div>\n<\/div>\n\n    <div class=\"xs_social_share_widget xs_share_url after_content \t\tmain_content  wslu-style-1 wslu-share-box-shaped wslu-fill-colored wslu-none wslu-share-horizontal wslu-theme-font-no wslu-main_content\">\n\n\t\t\n        <ul>\n\t\t\t        <\/ul>\n    <\/div> \n","protected":false},"excerpt":{"rendered":"<div class=\"wpb_text_column wpb_content_element vc_custom_1572206809717\">\n<div class=\"wpb_wrapper\">\n<p data-start=\"209\" data-end=\"586\">Ce cahier, bas\u00e9 sur la <strong data-start=\"232\" data-end=\"254\">Egyptian method<\/strong> et adapt\u00e9 aux <strong data-start=\"269\" data-end=\"310\">d\u00e9butants comme aux \u00e9tudiants avanc\u00e9s<\/strong>, a \u00e9t\u00e9 con\u00e7u pour <strong data-start=\"329\" data-end=\"400\">enregistrer, organiser et r\u00e9viser efficacement le vocabulaire arabe<\/strong>. Il permet de noter les <strong data-start=\"425\" data-end=\"455\">noms, verbes, conjugaisons<\/strong>, ainsi que les <strong data-start=\"471\" data-end=\"495\">synonymes, antonymes<\/strong> et des <strong data-start=\"503\" data-end=\"524\">phrases d\u2019exemple<\/strong>, tout en offrant un espace d\u00e9di\u00e9 \u00e0 la <strong data-start=\"563\" data-end=\"583\">r\u00e9daction \u00e9crite<\/strong>.<\/p>\n<p data-start=\"593\" data-end=\"861\">Utilis\u00e9 par les <strong data-start=\"609\" data-end=\"632\">\u00e9tudiants en \u00c9gypte<\/strong>, ce support constitue un <strong data-start=\"658\" data-end=\"689\">outil p\u00e9dagogique essentiel<\/strong> pour structurer l\u2019apprentissage et renforcer la m\u00e9morisation sur le long terme. Il accompagnera l\u2019\u00e9tudiant <strong data-start=\"797\" data-end=\"845\">tout au long de son parcours d\u2019apprentissage<\/strong>, in sh\u0101\u2019 All\u0101h.<\/p>\n<\/div>\n<\/div>\n<div class=\"wpb_text_column wpb_content_element vc_custom_1572206821019\">\n<p>&nbsp;<\/p>\n<\/div>","protected":false},"featured_media":1021,"template":"","meta":{"site-sidebar-layout":"default","site-content-layout":"","ast-site-content-layout":"default","site-content-style":"default","site-sidebar-style":"default","ast-global-header-display":"","ast-banner-title-visibility":"","ast-main-header-display":"","ast-hfb-above-header-display":"","ast-hfb-below-header-display":"","ast-hfb-mobile-header-display":"","site-post-title":"","ast-breadcrumbs-content":"","ast-featured-img":"","footer-sml-layout":"","theme-transparent-header-meta":"default","adv-header-id-meta":"","stick-header-meta":"","header-above-stick-meta":"","header-main-stick-meta":"","header-below-stick-meta":"","astra-migrate-meta-layouts":"set","ast-page-background-enabled":"default","ast-page-background-meta":{"desktop":{"background-color":"var(--ast-global-color-4)","background-image":"","background-repeat":"repeat","background-position":"center center","background-size":"auto","background-attachment":"scroll","background-type":"","background-media":"","overlay-type":"","overlay-color":"","overlay-gradient":""},"tablet":{"background-color":"","background-image":"","background-repeat":"repeat","background-position":"center center","background-size":"auto","background-attachment":"scroll","background-type":"","background-media":"","overlay-type":"","overlay-color":"","overlay-gradient":""},"mobile":{"background-color":"","background-image":"","background-repeat":"repeat","background-position":"center center","background-size":"auto","background-attachment":"scroll","background-type":"","background-media":"","overlay-type":"","overlay-color":"","overlay-gradient":""}},"ast-content-background-meta":{"desktop":{"background-color":"var(--ast-global-color-5)","background-image":"","background-repeat":"repeat","background-position":"center center","background-size":"auto","background-attachment":"scroll","background-type":"","background-media":"","overlay-type":"","overlay-color":"","overlay-gradient":""},"tablet":{"background-color":"var(--ast-global-color-5)","background-image":"","background-repeat":"repeat","background-position":"center center","background-size":"auto","background-attachment":"scroll","background-type":"","background-media":"","overlay-type":"","overlay-color":"","overlay-gradient":""},"mobile":{"background-color":"var(--ast-global-color-5)","background-image":"","background-repeat":"repeat","background-position":"center center","background-size":"auto","background-attachment":"scroll","background-type":"","background-media":"","overlay-type":"","overlay-color":"","overlay-gradient":""}},"_joinchat":[]},"product_brand":[],"product_cat":[29,23],"product_tag":[79,81,89,87,77,82],"class_list":{"0":"post-1698","1":"product","2":"type-product","3":"status-publish","4":"has-post-thumbnail","6":"product_cat-livre-expression-orale","7":"product_cat-livres-langue-arabe","8":"product_tag-debutants","9":"product_tag-expression-orale","10":"product_tag-livres-al-forqane","11":"product_tag-memorisation","12":"product_tag-methode-al-forqane","13":"product_tag-parler-arabe","14":"desktop-align-left","15":"tablet-align-left","16":"mobile-align-left","18":"first","19":"instock","20":"sale","21":"shipping-taxable","22":"purchasable","23":"product-type-variable"},"yoast_head":"<!-- This site is optimized with the Yoast SEO plugin v27.5 - https:\/\/yoast.com\/product\/yoast-seo-wordpress\/ -->\n<title>Apprendre l\u2019arabe Niveau 1 \u2013 Livre d\u00e9butant m\u00e9thode Al-Forqane<\/title>\n<meta name=\"description\" content=\"Apprendre l\u2019arabe niveau 1 avec un livre clair et progressif. Bases essentielles, m\u00e9thode Al-Forqane, id\u00e9al pour d\u00e9butants.\" \/>\n<meta name=\"robots\" content=\"index, follow, max-snippet:-1, max-image-preview:large, max-video-preview:-1\" \/>\n<link rel=\"canonical\" href=\"https:\/\/www.coursdelanguearabe.com\/en\/product\/livre-japprends-larabe-niveau-1\/\" \/>\n<meta property=\"og:locale\" content=\"en_US\" \/>\n<meta property=\"og:type\" content=\"article\" \/>\n<meta property=\"og:title\" content=\"Apprendre l\u2019arabe Niveau 1 \u2013 Livre d\u00e9butant m\u00e9thode Al-Forqane\" \/>\n<meta property=\"og:description\" content=\"Apprendre l\u2019arabe niveau 1 avec un livre clair et progressif. Bases essentielles, m\u00e9thode Al-Forqane, id\u00e9al pour d\u00e9butants.\" \/>\n<meta property=\"og:url\" content=\"https:\/\/www.coursdelanguearabe.com\/en\/product\/livre-japprends-larabe-niveau-1\/\" \/>\n<meta property=\"og:site_name\" content=\"Cours de Langue Arabe\" \/>\n<meta property=\"article:publisher\" content=\"https:\/\/www.facebook.com\/courslanguearabe\/\" \/>\n<meta property=\"article:modified_time\" content=\"2026-02-09T12:28:45+00:00\" \/>\n<meta property=\"og:image\" content=\"https:\/\/www.coursdelanguearabe.com\/wp-content\/uploads\/2026\/01\/2026-01-07-12_53_13-Cours-de-Langue-Arabe-Japprends-larabe-Niveau-1-Foxit-Reader.png\" \/>\n\t<meta property=\"og:image:width\" content=\"562\" \/>\n\t<meta property=\"og:image:height\" content=\"801\" \/>\n\t<meta property=\"og:image:type\" content=\"image\/png\" \/>\n<meta name=\"twitter:card\" content=\"summary_large_image\" \/>\n<meta name=\"twitter:label1\" content=\"Est. reading time\" \/>\n\t<meta name=\"twitter:data1\" content=\"2 minutes\" \/>\n<script type=\"application\/ld+json\" class=\"yoast-schema-graph\">{\"@context\":\"https:\\\/\\\/schema.org\",\"@graph\":[{\"@type\":\"WebPage\",\"@id\":\"https:\\\/\\\/www.coursdelanguearabe.com\\\/produit\\\/livre-japprends-larabe-niveau-1\\\/\",\"url\":\"https:\\\/\\\/www.coursdelanguearabe.com\\\/produit\\\/livre-japprends-larabe-niveau-1\\\/\",\"name\":\"Apprendre l\u2019arabe Niveau 1 \u2013 Livre d\u00e9butant m\u00e9thode Al-Forqane\",\"isPartOf\":{\"@id\":\"https:\\\/\\\/www.coursdelanguearabe.com\\\/#website\"},\"primaryImageOfPage\":{\"@id\":\"https:\\\/\\\/www.coursdelanguearabe.com\\\/produit\\\/livre-japprends-larabe-niveau-1\\\/#primaryimage\"},\"image\":{\"@id\":\"https:\\\/\\\/www.coursdelanguearabe.com\\\/produit\\\/livre-japprends-larabe-niveau-1\\\/#primaryimage\"},\"thumbnailUrl\":\"https:\\\/\\\/www.coursdelanguearabe.com\\\/wp-content\\\/uploads\\\/2026\\\/01\\\/2026-01-07-12_53_13-Cours-de-Langue-Arabe-Japprends-larabe-Niveau-1-Foxit-Reader.png\",\"datePublished\":\"2026-01-21T15:27:15+00:00\",\"dateModified\":\"2026-02-09T12:28:45+00:00\",\"description\":\"Apprendre l\u2019arabe niveau 1 avec un livre clair et progressif. Bases essentielles, m\u00e9thode Al-Forqane, id\u00e9al pour d\u00e9butants.\",\"breadcrumb\":{\"@id\":\"https:\\\/\\\/www.coursdelanguearabe.com\\\/produit\\\/livre-japprends-larabe-niveau-1\\\/#breadcrumb\"},\"inLanguage\":\"en-US\",\"potentialAction\":[{\"@type\":\"ReadAction\",\"target\":[\"https:\\\/\\\/www.coursdelanguearabe.com\\\/produit\\\/livre-japprends-larabe-niveau-1\\\/\"]}]},{\"@type\":\"ImageObject\",\"inLanguage\":\"en-US\",\"@id\":\"https:\\\/\\\/www.coursdelanguearabe.com\\\/produit\\\/livre-japprends-larabe-niveau-1\\\/#primaryimage\",\"url\":\"https:\\\/\\\/www.coursdelanguearabe.com\\\/wp-content\\\/uploads\\\/2026\\\/01\\\/2026-01-07-12_53_13-Cours-de-Langue-Arabe-Japprends-larabe-Niveau-1-Foxit-Reader.png\",\"contentUrl\":\"https:\\\/\\\/www.coursdelanguearabe.com\\\/wp-content\\\/uploads\\\/2026\\\/01\\\/2026-01-07-12_53_13-Cours-de-Langue-Arabe-Japprends-larabe-Niveau-1-Foxit-Reader.png\",\"width\":562,\"height\":801,\"caption\":\"cours d\u2019arabe en ligne pour d\u00e9butants\"},{\"@type\":\"BreadcrumbList\",\"@id\":\"https:\\\/\\\/www.coursdelanguearabe.com\\\/produit\\\/livre-japprends-larabe-niveau-1\\\/#breadcrumb\",\"itemListElement\":[{\"@type\":\"ListItem\",\"position\":1,\"name\":\"Home\",\"item\":\"https:\\\/\\\/www.coursdelanguearabe.com\\\/\"},{\"@type\":\"ListItem\",\"position\":2,\"name\":\"Cours d\u2019arabe &#038; livres\",\"item\":\"https:\\\/\\\/www.coursdelanguearabe.com\\\/cours-darabe-livres\\\/\"},{\"@type\":\"ListItem\",\"position\":3,\"name\":\"Livre \u00ab\u00a0J&rsquo;apprends l&rsquo;arabe\u00a0\u00bb niveau 1\"}]},{\"@type\":\"WebSite\",\"@id\":\"https:\\\/\\\/www.coursdelanguearabe.com\\\/#website\",\"url\":\"https:\\\/\\\/www.coursdelanguearabe.com\\\/\",\"name\":\"Cours de Langue Arabe\",\"description\":\"Cours de langue arabe en ligne\",\"publisher\":{\"@id\":\"https:\\\/\\\/www.coursdelanguearabe.com\\\/#organization\"},\"potentialAction\":[{\"@type\":\"SearchAction\",\"target\":{\"@type\":\"EntryPoint\",\"urlTemplate\":\"https:\\\/\\\/www.coursdelanguearabe.com\\\/?s={search_term_string}\"},\"query-input\":{\"@type\":\"PropertyValueSpecification\",\"valueRequired\":true,\"valueName\":\"search_term_string\"}}],\"inLanguage\":\"en-US\"},{\"@type\":\"Organization\",\"@id\":\"https:\\\/\\\/www.coursdelanguearabe.com\\\/#organization\",\"name\":\"Cours de Langue Arabe\",\"url\":\"https:\\\/\\\/www.coursdelanguearabe.com\\\/\",\"logo\":{\"@type\":\"ImageObject\",\"inLanguage\":\"en-US\",\"@id\":\"https:\\\/\\\/www.coursdelanguearabe.com\\\/#\\\/schema\\\/logo\\\/image\\\/\",\"url\":\"https:\\\/\\\/www.coursdelanguearabe.com\\\/wp-content\\\/uploads\\\/2026\\\/02\\\/cropped-cropped-cropped-Lance-Ton-Merkez-19-1.png\",\"contentUrl\":\"https:\\\/\\\/www.coursdelanguearabe.com\\\/wp-content\\\/uploads\\\/2026\\\/02\\\/cropped-cropped-cropped-Lance-Ton-Merkez-19-1.png\",\"width\":512,\"height\":512,\"caption\":\"Cours de Langue Arabe\"},\"image\":{\"@id\":\"https:\\\/\\\/www.coursdelanguearabe.com\\\/#\\\/schema\\\/logo\\\/image\\\/\"},\"sameAs\":[\"https:\\\/\\\/www.facebook.com\\\/courslanguearabe\\\/\"]}]}<\/script>\n<!-- \/ Yoast SEO plugin. -->","yoast_head_json":{"title":"Apprendre l\u2019arabe Niveau 1 \u2013 Livre d\u00e9butant m\u00e9thode Al-Forqane","description":"Apprendre l\u2019arabe niveau 1 avec un livre clair et progressif. Bases essentielles, m\u00e9thode Al-Forqane, id\u00e9al pour d\u00e9butants.","robots":{"index":"index","follow":"follow","max-snippet":"max-snippet:-1","max-image-preview":"max-image-preview:large","max-video-preview":"max-video-preview:-1"},"canonical":"https:\/\/www.coursdelanguearabe.com\/en\/product\/livre-japprends-larabe-niveau-1\/","og_locale":"en_US","og_type":"article","og_title":"Apprendre l\u2019arabe Niveau 1 \u2013 Livre d\u00e9butant m\u00e9thode Al-Forqane","og_description":"Apprendre l\u2019arabe niveau 1 avec un livre clair et progressif. Bases essentielles, m\u00e9thode Al-Forqane, id\u00e9al pour d\u00e9butants.","og_url":"https:\/\/www.coursdelanguearabe.com\/en\/product\/livre-japprends-larabe-niveau-1\/","og_site_name":"Cours de Langue Arabe","article_publisher":"https:\/\/www.facebook.com\/courslanguearabe\/","article_modified_time":"2026-02-09T12:28:45+00:00","og_image":[{"width":562,"height":801,"url":"https:\/\/www.coursdelanguearabe.com\/wp-content\/uploads\/2026\/01\/2026-01-07-12_53_13-Cours-de-Langue-Arabe-Japprends-larabe-Niveau-1-Foxit-Reader.png","type":"image\/png"}],"twitter_card":"summary_large_image","twitter_misc":{"Est. reading time":"2 minutes"},"schema":{"@context":"https:\/\/schema.org","@graph":[{"@type":"WebPage","@id":"https:\/\/www.coursdelanguearabe.com\/produit\/livre-japprends-larabe-niveau-1\/","url":"https:\/\/www.coursdelanguearabe.com\/produit\/livre-japprends-larabe-niveau-1\/","name":"Apprendre l\u2019arabe Niveau 1 \u2013 Livre d\u00e9butant m\u00e9thode Al-Forqane","isPartOf":{"@id":"https:\/\/www.coursdelanguearabe.com\/#website"},"primaryImageOfPage":{"@id":"https:\/\/www.coursdelanguearabe.com\/produit\/livre-japprends-larabe-niveau-1\/#primaryimage"},"image":{"@id":"https:\/\/www.coursdelanguearabe.com\/produit\/livre-japprends-larabe-niveau-1\/#primaryimage"},"thumbnailUrl":"https:\/\/www.coursdelanguearabe.com\/wp-content\/uploads\/2026\/01\/2026-01-07-12_53_13-Cours-de-Langue-Arabe-Japprends-larabe-Niveau-1-Foxit-Reader.png","datePublished":"2026-01-21T15:27:15+00:00","dateModified":"2026-02-09T12:28:45+00:00","description":"Apprendre l\u2019arabe niveau 1 avec un livre clair et progressif. Bases essentielles, m\u00e9thode Al-Forqane, id\u00e9al pour d\u00e9butants.","breadcrumb":{"@id":"https:\/\/www.coursdelanguearabe.com\/produit\/livre-japprends-larabe-niveau-1\/#breadcrumb"},"inLanguage":"en-US","potentialAction":[{"@type":"ReadAction","target":["https:\/\/www.coursdelanguearabe.com\/produit\/livre-japprends-larabe-niveau-1\/"]}]},{"@type":"ImageObject","inLanguage":"en-US","@id":"https:\/\/www.coursdelanguearabe.com\/produit\/livre-japprends-larabe-niveau-1\/#primaryimage","url":"https:\/\/www.coursdelanguearabe.com\/wp-content\/uploads\/2026\/01\/2026-01-07-12_53_13-Cours-de-Langue-Arabe-Japprends-larabe-Niveau-1-Foxit-Reader.png","contentUrl":"https:\/\/www.coursdelanguearabe.com\/wp-content\/uploads\/2026\/01\/2026-01-07-12_53_13-Cours-de-Langue-Arabe-Japprends-larabe-Niveau-1-Foxit-Reader.png","width":562,"height":801,"caption":"cours d\u2019arabe en ligne pour d\u00e9butants"},{"@type":"BreadcrumbList","@id":"https:\/\/www.coursdelanguearabe.com\/produit\/livre-japprends-larabe-niveau-1\/#breadcrumb","itemListElement":[{"@type":"ListItem","position":1,"name":"Home","item":"https:\/\/www.coursdelanguearabe.com\/"},{"@type":"ListItem","position":2,"name":"Cours d\u2019arabe &#038; livres","item":"https:\/\/www.coursdelanguearabe.com\/cours-darabe-livres\/"},{"@type":"ListItem","position":3,"name":"Livre \u00ab\u00a0J&rsquo;apprends l&rsquo;arabe\u00a0\u00bb niveau 1"}]},{"@type":"WebSite","@id":"https:\/\/www.coursdelanguearabe.com\/#website","url":"https:\/\/www.coursdelanguearabe.com\/","name":"Arabic Language Course","description":"Cours de langue arabe en ligne","publisher":{"@id":"https:\/\/www.coursdelanguearabe.com\/#organization"},"potentialAction":[{"@type":"SearchAction","target":{"@type":"EntryPoint","urlTemplate":"https:\/\/www.coursdelanguearabe.com\/?s={search_term_string}"},"query-input":{"@type":"PropertyValueSpecification","valueRequired":true,"valueName":"search_term_string"}}],"inLanguage":"en-US"},{"@type":"Organization","@id":"https:\/\/www.coursdelanguearabe.com\/#organization","name":"Arabic Language Course","url":"https:\/\/www.coursdelanguearabe.com\/","logo":{"@type":"ImageObject","inLanguage":"en-US","@id":"https:\/\/www.coursdelanguearabe.com\/#\/schema\/logo\/image\/","url":"https:\/\/www.coursdelanguearabe.com\/wp-content\/uploads\/2026\/02\/cropped-cropped-cropped-Lance-Ton-Merkez-19-1.png","contentUrl":"https:\/\/www.coursdelanguearabe.com\/wp-content\/uploads\/2026\/02\/cropped-cropped-cropped-Lance-Ton-Merkez-19-1.png","width":512,"height":512,"caption":"Cours de Langue Arabe"},"image":{"@id":"https:\/\/www.coursdelanguearabe.com\/#\/schema\/logo\/image\/"},"sameAs":["https:\/\/www.facebook.com\/courslanguearabe\/"]}]}},"_links":{"self":[{"href":"https:\/\/www.coursdelanguearabe.com\/en\/wp-json\/wp\/v2\/product\/1698","targetHints":{"allow":["GET"]}}],"collection":[{"href":"https:\/\/www.coursdelanguearabe.com\/en\/wp-json\/wp\/v2\/product"}],"about":[{"href":"https:\/\/www.coursdelanguearabe.com\/en\/wp-json\/wp\/v2\/types\/product"}],"wp:featuredmedia":[{"embeddable":true,"href":"https:\/\/www.coursdelanguearabe.com\/en\/wp-json\/wp\/v2\/media\/1021"}],"wp:attachment":[{"href":"https:\/\/www.coursdelanguearabe.com\/en\/wp-json\/wp\/v2\/media?parent=1698"}],"wp:term":[{"taxonomy":"product_brand","embeddable":true,"href":"https:\/\/www.coursdelanguearabe.com\/en\/wp-json\/wp\/v2\/product_brand?post=1698"},{"taxonomy":"product_cat","embeddable":true,"href":"https:\/\/www.coursdelanguearabe.com\/en\/wp-json\/wp\/v2\/product_cat?post=1698"},{"taxonomy":"product_tag","embeddable":true,"href":"https:\/\/www.coursdelanguearabe.com\/en\/wp-json\/wp\/v2\/product_tag?post=1698"}],"curies":[{"name":"wp","href":"https:\/\/api.w.org\/{rel}","templated":true}]}}