{"id":1800,"date":"2026-01-22T12:01:06","date_gmt":"2026-01-22T12:01:06","guid":{"rendered":"https:\/\/www.coursdelanguearabe.com\/?post_type=product&#038;p=1800"},"modified":"2026-02-05T08:15:34","modified_gmt":"2026-02-05T08:15:34","slug":"pack-livre-al-forqane-fiche-de-vocabulaire","status":"publish","type":"product","link":"https:\/\/www.coursdelanguearabe.com\/en\/product\/pack-livre-al-forqane-fiche-de-vocabulaire\/","title":{"rendered":"Al Forqane Book Pack + Vocabulary Sheet"},"content":{"rendered":"<p data-start=\"384\" data-end=\"730\">Discover the <strong data-start=\"397\" data-end=\"446\">Al-Forqane Pack \u2014 Books &amp; Vocabulary Cards<\/strong>, designed for clear, progressive, and effective Arabic language learning. This pack brings together all the essential materials from the Al-Forqane method. Thanks to this approach, each student benefits from a structured learning path that promotes understanding, memorization, and regular practice.<\/p>\n<hr data-start=\"732\" data-end=\"735\" \/>\n<h2 data-start=\"737\" data-end=\"792\">\ud83d\udcda Educational books to help you progress step by step<\/h2>\n<p data-start=\"794\" data-end=\"1165\">The <strong data-start=\"798\" data-end=\"819\">Al-Forqane books<\/strong> guide students through all levels of the method. Each book is designed to clearly explain the basics of Arabic, with appropriate exercises. Thus, the Al-Forqane Pack \u2014 Books &amp; Revision Sheets offers a comprehensive educational path. Even beginners can progress confidently and consolidate their knowledge without difficulty.<\/p>\n<hr data-start=\"1167\" data-end=\"1170\" \/>\n<h2 data-start=\"1172\" data-end=\"1235\">\ud83e\udde0 Illustrated revision cards for effective memorization<\/h2>\n<p data-start=\"1237\" data-end=\"1688\">The <strong data-start=\"1241\" data-end=\"1281\">Al-Forqane vocabulary cards (Anki)<\/strong> combine \ud83d\udd0a audio, images \ud83d\uddbc\ufe0f, and examples \u270d\ufe0f to facilitate daily learning. They allow you to review more than 1,000 words in a fun way that adapts to your pace. By using these flashcards, students strengthen their memory in the long term, without having to constantly reread books. The <strong data-start=\"1578\" data-end=\"1627\">Al-Forqane Pack \u2014 Books &amp; Vocabulary Cards <\/strong>thus becomes a key tool for rapid progress.<\/p>\n<hr data-start=\"1690\" data-end=\"1693\" \/>\n<h2 data-start=\"1695\" data-end=\"1740\">\ud83c\udfaf A complete package for all students<\/h2>\n<p data-start=\"1742\" data-end=\"2123\">This <strong data-start=\"1745\" data-end=\"1794\">Pack<\/strong>\u00a0is designed for both beginners and advanced students. It optimizes learning through complementary, consistent, and reliable materials. Students can follow the Al-Forqane method step by step, while reviewing effectively with the help of flashcards. This pack promotes independent, structured, and motivating learning.<\/p>\n\n    <div class=\"xs_social_share_widget xs_share_url after_content \t\tmain_content  wslu-style-1 wslu-share-box-shaped wslu-fill-colored wslu-none wslu-share-horizontal wslu-theme-font-no wslu-main_content\">\n\n\t\t\n        <ul>\n\t\t\t        <\/ul>\n    <\/div>","protected":false},"excerpt":{"rendered":"<p>D\u00e9couvrez le Pack Al-Forqane \u2014 Livres &amp; Fiches de vocabulaire, con\u00e7u pour un apprentissage de l\u2019arabe clair, progressif et efficace. Ce pack centralise tous les supports essentiels de la m\u00e9thode Al-Forqane. Gr\u00e2ce \u00e0 cette approche, chaque \u00e9tudiant b\u00e9n\u00e9ficie d\u2019un parcours structur\u00e9, favorisant compr\u00e9hension, m\u00e9morisation et pratique r\u00e9guli\u00e8re. \ud83d\udcda Des livres p\u00e9dagogiques pour progresser pas \u00e0 pas Les livres Al-Forqane guident l\u2019\u00e9tudiant \u00e0 travers tous les niveaux de la m\u00e9thode. Chaque livre est pens\u00e9 pour expliquer clairement les bases de l\u2019arabe, avec des exercices adapt\u00e9s. Ainsi, le Pack Al-Forqane \u2014 Livres &amp; Fiches de r\u00e9vision offre un chemin p\u00e9dagogique complet. M\u00eame les d\u00e9butants peuvent avancer sereinement et consolider leurs acquis sans difficult\u00e9. \ud83e\udde0 Fiches de r\u00e9vision illustr\u00e9es pour m\u00e9moriser efficacement Les fiches de vocabulaire Al-Forqane (Anki) combinent \ud83d\udd0a audio, images \ud83d\uddbc\ufe0f et exemples \u270d\ufe0f pour faciliter l\u2019apprentissage quotidien. Elles permettent de r\u00e9viser plus de 1000 mots de mani\u00e8re ludique et adapt\u00e9e \u00e0 chaque rythme. En utilisant ces fiches, l\u2019\u00e9tudiant renforce sa m\u00e9moire durablement, sans devoir relire constamment les livres. Le Pack Al-Forqane \u2014 Livres &amp; Fiches de vocabulaire devient ainsi un outil central pour progresser rapidement. \ud83c\udfaf Un pack complet pour tous les \u00e9tudiants Ce Pack\u00a0s\u2019adresse autant aux d\u00e9butants qu\u2019aux \u00e9tudiants d\u00e9j\u00e0 avanc\u00e9s. Il optimise l\u2019apprentissage gr\u00e2ce \u00e0 des supports compl\u00e9mentaires, coh\u00e9rents et fiables. Les \u00e9tudiants peuvent suivre la m\u00e9thode Al-Forqane pas \u00e0 pas, tout en r\u00e9visant efficacement gr\u00e2ce aux fiches. Ce pack favorise un apprentissage autonome, structur\u00e9 et motivant.<\/p>","protected":false},"featured_media":1803,"template":"","meta":{"site-sidebar-layout":"default","site-content-layout":"","ast-site-content-layout":"default","site-content-style":"default","site-sidebar-style":"default","ast-global-header-display":"","ast-banner-title-visibility":"","ast-main-header-display":"","ast-hfb-above-header-display":"","ast-hfb-below-header-display":"","ast-hfb-mobile-header-display":"","site-post-title":"","ast-breadcrumbs-content":"","ast-featured-img":"","footer-sml-layout":"","theme-transparent-header-meta":"default","adv-header-id-meta":"","stick-header-meta":"","header-above-stick-meta":"","header-main-stick-meta":"","header-below-stick-meta":"","astra-migrate-meta-layouts":"set","ast-page-background-enabled":"default","ast-page-background-meta":{"desktop":{"background-color":"var(--ast-global-color-4)","background-image":"","background-repeat":"repeat","background-position":"center center","background-size":"auto","background-attachment":"scroll","background-type":"","background-media":"","overlay-type":"","overlay-color":"","overlay-gradient":""},"tablet":{"background-color":"","background-image":"","background-repeat":"repeat","background-position":"center center","background-size":"auto","background-attachment":"scroll","background-type":"","background-media":"","overlay-type":"","overlay-color":"","overlay-gradient":""},"mobile":{"background-color":"","background-image":"","background-repeat":"repeat","background-position":"center center","background-size":"auto","background-attachment":"scroll","background-type":"","background-media":"","overlay-type":"","overlay-color":"","overlay-gradient":""}},"ast-content-background-meta":{"desktop":{"background-color":"var(--ast-global-color-5)","background-image":"","background-repeat":"repeat","background-position":"center center","background-size":"auto","background-attachment":"scroll","background-type":"","background-media":"","overlay-type":"","overlay-color":"","overlay-gradient":""},"tablet":{"background-color":"var(--ast-global-color-5)","background-image":"","background-repeat":"repeat","background-position":"center center","background-size":"auto","background-attachment":"scroll","background-type":"","background-media":"","overlay-type":"","overlay-color":"","overlay-gradient":""},"mobile":{"background-color":"var(--ast-global-color-5)","background-image":"","background-repeat":"repeat","background-position":"center center","background-size":"auto","background-attachment":"scroll","background-type":"","background-media":"","overlay-type":"","overlay-color":"","overlay-gradient":""}},"_joinchat":[]},"product_brand":[],"product_cat":[23],"product_tag":[101,102,79,81,97,26,103,84],"class_list":{"0":"post-1800","1":"product","2":"type-product","3":"status-publish","4":"has-post-thumbnail","6":"product_cat-livres-langue-arabe","7":"product_tag-al-forqane","8":"product_tag-apprentissage-arabe","9":"product_tag-debutants","10":"product_tag-expression-orale","11":"product_tag-fiches-de-revision","12":"product_tag-methode-egyptienne","13":"product_tag-progression-structuree","14":"product_tag-vocabulaire-arabe","15":"desktop-align-left","16":"tablet-align-left","17":"mobile-align-left","19":"first","20":"instock","21":"shipping-taxable","22":"purchasable","23":"product-type-easy_product_bundle"},"yoast_head":"<!-- This site is optimized with the Yoast SEO plugin v27.5 - https:\/\/yoast.com\/product\/yoast-seo-wordpress\/ -->\n<title>Pack Al-Forqane \u2014 Livres &amp; Fiches de r\u00e9vision<\/title>\n<meta name=\"description\" content=\"D\u00e9couvrez le Pack Al-Forqane \u2014 Livres &amp; Fiches de r\u00e9vision : livres p\u00e9dagogiques et fiches illustr\u00e9es pour apprendre l\u2019arabe efficacement.\" \/>\n<meta name=\"robots\" content=\"index, follow, max-snippet:-1, max-image-preview:large, max-video-preview:-1\" \/>\n<link rel=\"canonical\" href=\"https:\/\/www.coursdelanguearabe.com\/en\/product\/pack-livre-al-forqane-fiche-de-vocabulaire\/\" \/>\n<meta property=\"og:locale\" content=\"en_US\" \/>\n<meta property=\"og:type\" content=\"article\" \/>\n<meta property=\"og:title\" content=\"Pack Al-Forqane \u2014 Livres &amp; Fiches de r\u00e9vision\" \/>\n<meta property=\"og:description\" content=\"D\u00e9couvrez le Pack Al-Forqane \u2014 Livres &amp; Fiches de r\u00e9vision : livres p\u00e9dagogiques et fiches illustr\u00e9es pour apprendre l\u2019arabe efficacement.\" \/>\n<meta property=\"og:url\" content=\"https:\/\/www.coursdelanguearabe.com\/en\/product\/pack-livre-al-forqane-fiche-de-vocabulaire\/\" \/>\n<meta property=\"og:site_name\" content=\"Cours de Langue Arabe\" \/>\n<meta property=\"article:publisher\" content=\"https:\/\/www.facebook.com\/courslanguearabe\/\" \/>\n<meta property=\"article:modified_time\" content=\"2026-02-05T08:15:34+00:00\" \/>\n<meta property=\"og:image\" content=\"https:\/\/www.coursdelanguearabe.com\/wp-content\/uploads\/2026\/01\/Design-sans-titre-9-1.png\" \/>\n\t<meta property=\"og:image:width\" content=\"1333\" \/>\n\t<meta property=\"og:image:height\" content=\"1999\" \/>\n\t<meta property=\"og:image:type\" content=\"image\/png\" \/>\n<meta name=\"twitter:card\" content=\"summary_large_image\" \/>\n<meta name=\"twitter:label1\" content=\"Est. reading time\" \/>\n\t<meta name=\"twitter:data1\" content=\"2 minutes\" \/>\n<script type=\"application\/ld+json\" class=\"yoast-schema-graph\">{\"@context\":\"https:\\\/\\\/schema.org\",\"@graph\":[{\"@type\":\"WebPage\",\"@id\":\"https:\\\/\\\/www.coursdelanguearabe.com\\\/produit\\\/pack-livre-al-forqane-fiche-de-vocabulaire\\\/\",\"url\":\"https:\\\/\\\/www.coursdelanguearabe.com\\\/produit\\\/pack-livre-al-forqane-fiche-de-vocabulaire\\\/\",\"name\":\"Pack Al-Forqane \u2014 Livres & Fiches de r\u00e9vision\",\"isPartOf\":{\"@id\":\"https:\\\/\\\/www.coursdelanguearabe.com\\\/#website\"},\"primaryImageOfPage\":{\"@id\":\"https:\\\/\\\/www.coursdelanguearabe.com\\\/produit\\\/pack-livre-al-forqane-fiche-de-vocabulaire\\\/#primaryimage\"},\"image\":{\"@id\":\"https:\\\/\\\/www.coursdelanguearabe.com\\\/produit\\\/pack-livre-al-forqane-fiche-de-vocabulaire\\\/#primaryimage\"},\"thumbnailUrl\":\"https:\\\/\\\/www.coursdelanguearabe.com\\\/wp-content\\\/uploads\\\/2026\\\/01\\\/Design-sans-titre-9-1.png\",\"datePublished\":\"2026-01-22T12:01:06+00:00\",\"dateModified\":\"2026-02-05T08:15:34+00:00\",\"description\":\"D\u00e9couvrez le Pack Al-Forqane \u2014 Livres & Fiches de r\u00e9vision : livres p\u00e9dagogiques et fiches illustr\u00e9es pour apprendre l\u2019arabe efficacement.\",\"breadcrumb\":{\"@id\":\"https:\\\/\\\/www.coursdelanguearabe.com\\\/produit\\\/pack-livre-al-forqane-fiche-de-vocabulaire\\\/#breadcrumb\"},\"inLanguage\":\"en-US\",\"potentialAction\":[{\"@type\":\"ReadAction\",\"target\":[\"https:\\\/\\\/www.coursdelanguearabe.com\\\/produit\\\/pack-livre-al-forqane-fiche-de-vocabulaire\\\/\"]}]},{\"@type\":\"ImageObject\",\"inLanguage\":\"en-US\",\"@id\":\"https:\\\/\\\/www.coursdelanguearabe.com\\\/produit\\\/pack-livre-al-forqane-fiche-de-vocabulaire\\\/#primaryimage\",\"url\":\"https:\\\/\\\/www.coursdelanguearabe.com\\\/wp-content\\\/uploads\\\/2026\\\/01\\\/Design-sans-titre-9-1.png\",\"contentUrl\":\"https:\\\/\\\/www.coursdelanguearabe.com\\\/wp-content\\\/uploads\\\/2026\\\/01\\\/Design-sans-titre-9-1.png\",\"width\":1333,\"height\":1999,\"caption\":\"Pack Livre Al Forqane + Fiche de vocabulaire\"},{\"@type\":\"BreadcrumbList\",\"@id\":\"https:\\\/\\\/www.coursdelanguearabe.com\\\/produit\\\/pack-livre-al-forqane-fiche-de-vocabulaire\\\/#breadcrumb\",\"itemListElement\":[{\"@type\":\"ListItem\",\"position\":1,\"name\":\"Home\",\"item\":\"https:\\\/\\\/www.coursdelanguearabe.com\\\/\"},{\"@type\":\"ListItem\",\"position\":2,\"name\":\"Cours d\u2019arabe &#038; livres\",\"item\":\"https:\\\/\\\/www.coursdelanguearabe.com\\\/cours-darabe-livres\\\/\"},{\"@type\":\"ListItem\",\"position\":3,\"name\":\"Pack Livre Al Forqane + Fiche de vocabulaire\"}]},{\"@type\":\"WebSite\",\"@id\":\"https:\\\/\\\/www.coursdelanguearabe.com\\\/#website\",\"url\":\"https:\\\/\\\/www.coursdelanguearabe.com\\\/\",\"name\":\"Cours de Langue Arabe\",\"description\":\"Cours de langue arabe en ligne\",\"publisher\":{\"@id\":\"https:\\\/\\\/www.coursdelanguearabe.com\\\/#organization\"},\"potentialAction\":[{\"@type\":\"SearchAction\",\"target\":{\"@type\":\"EntryPoint\",\"urlTemplate\":\"https:\\\/\\\/www.coursdelanguearabe.com\\\/?s={search_term_string}\"},\"query-input\":{\"@type\":\"PropertyValueSpecification\",\"valueRequired\":true,\"valueName\":\"search_term_string\"}}],\"inLanguage\":\"en-US\"},{\"@type\":\"Organization\",\"@id\":\"https:\\\/\\\/www.coursdelanguearabe.com\\\/#organization\",\"name\":\"Cours de Langue Arabe\",\"url\":\"https:\\\/\\\/www.coursdelanguearabe.com\\\/\",\"logo\":{\"@type\":\"ImageObject\",\"inLanguage\":\"en-US\",\"@id\":\"https:\\\/\\\/www.coursdelanguearabe.com\\\/#\\\/schema\\\/logo\\\/image\\\/\",\"url\":\"https:\\\/\\\/www.coursdelanguearabe.com\\\/wp-content\\\/uploads\\\/2026\\\/02\\\/cropped-cropped-cropped-Lance-Ton-Merkez-19-1.png\",\"contentUrl\":\"https:\\\/\\\/www.coursdelanguearabe.com\\\/wp-content\\\/uploads\\\/2026\\\/02\\\/cropped-cropped-cropped-Lance-Ton-Merkez-19-1.png\",\"width\":512,\"height\":512,\"caption\":\"Cours de Langue Arabe\"},\"image\":{\"@id\":\"https:\\\/\\\/www.coursdelanguearabe.com\\\/#\\\/schema\\\/logo\\\/image\\\/\"},\"sameAs\":[\"https:\\\/\\\/www.facebook.com\\\/courslanguearabe\\\/\"]}]}<\/script>\n<!-- \/ Yoast SEO plugin. -->","yoast_head_json":{"title":"Pack Al-Forqane \u2014 Livres & Fiches de r\u00e9vision","description":"D\u00e9couvrez le Pack Al-Forqane \u2014 Livres & Fiches de r\u00e9vision : livres p\u00e9dagogiques et fiches illustr\u00e9es pour apprendre l\u2019arabe efficacement.","robots":{"index":"index","follow":"follow","max-snippet":"max-snippet:-1","max-image-preview":"max-image-preview:large","max-video-preview":"max-video-preview:-1"},"canonical":"https:\/\/www.coursdelanguearabe.com\/en\/product\/pack-livre-al-forqane-fiche-de-vocabulaire\/","og_locale":"en_US","og_type":"article","og_title":"Pack Al-Forqane \u2014 Livres & Fiches de r\u00e9vision","og_description":"D\u00e9couvrez le Pack Al-Forqane \u2014 Livres & Fiches de r\u00e9vision : livres p\u00e9dagogiques et fiches illustr\u00e9es pour apprendre l\u2019arabe efficacement.","og_url":"https:\/\/www.coursdelanguearabe.com\/en\/product\/pack-livre-al-forqane-fiche-de-vocabulaire\/","og_site_name":"Cours de Langue Arabe","article_publisher":"https:\/\/www.facebook.com\/courslanguearabe\/","article_modified_time":"2026-02-05T08:15:34+00:00","og_image":[{"width":1333,"height":1999,"url":"https:\/\/www.coursdelanguearabe.com\/wp-content\/uploads\/2026\/01\/Design-sans-titre-9-1.png","type":"image\/png"}],"twitter_card":"summary_large_image","twitter_misc":{"Est. reading time":"2 minutes"},"schema":{"@context":"https:\/\/schema.org","@graph":[{"@type":"WebPage","@id":"https:\/\/www.coursdelanguearabe.com\/produit\/pack-livre-al-forqane-fiche-de-vocabulaire\/","url":"https:\/\/www.coursdelanguearabe.com\/produit\/pack-livre-al-forqane-fiche-de-vocabulaire\/","name":"Pack Al-Forqane \u2014 Livres & Fiches de r\u00e9vision","isPartOf":{"@id":"https:\/\/www.coursdelanguearabe.com\/#website"},"primaryImageOfPage":{"@id":"https:\/\/www.coursdelanguearabe.com\/produit\/pack-livre-al-forqane-fiche-de-vocabulaire\/#primaryimage"},"image":{"@id":"https:\/\/www.coursdelanguearabe.com\/produit\/pack-livre-al-forqane-fiche-de-vocabulaire\/#primaryimage"},"thumbnailUrl":"https:\/\/www.coursdelanguearabe.com\/wp-content\/uploads\/2026\/01\/Design-sans-titre-9-1.png","datePublished":"2026-01-22T12:01:06+00:00","dateModified":"2026-02-05T08:15:34+00:00","description":"D\u00e9couvrez le Pack Al-Forqane \u2014 Livres & Fiches de r\u00e9vision : livres p\u00e9dagogiques et fiches illustr\u00e9es pour apprendre l\u2019arabe efficacement.","breadcrumb":{"@id":"https:\/\/www.coursdelanguearabe.com\/produit\/pack-livre-al-forqane-fiche-de-vocabulaire\/#breadcrumb"},"inLanguage":"en-US","potentialAction":[{"@type":"ReadAction","target":["https:\/\/www.coursdelanguearabe.com\/produit\/pack-livre-al-forqane-fiche-de-vocabulaire\/"]}]},{"@type":"ImageObject","inLanguage":"en-US","@id":"https:\/\/www.coursdelanguearabe.com\/produit\/pack-livre-al-forqane-fiche-de-vocabulaire\/#primaryimage","url":"https:\/\/www.coursdelanguearabe.com\/wp-content\/uploads\/2026\/01\/Design-sans-titre-9-1.png","contentUrl":"https:\/\/www.coursdelanguearabe.com\/wp-content\/uploads\/2026\/01\/Design-sans-titre-9-1.png","width":1333,"height":1999,"caption":"Pack Livre Al Forqane + Fiche de vocabulaire"},{"@type":"BreadcrumbList","@id":"https:\/\/www.coursdelanguearabe.com\/produit\/pack-livre-al-forqane-fiche-de-vocabulaire\/#breadcrumb","itemListElement":[{"@type":"ListItem","position":1,"name":"Home","item":"https:\/\/www.coursdelanguearabe.com\/"},{"@type":"ListItem","position":2,"name":"Cours d\u2019arabe &#038; livres","item":"https:\/\/www.coursdelanguearabe.com\/cours-darabe-livres\/"},{"@type":"ListItem","position":3,"name":"Pack Livre Al Forqane + Fiche de vocabulaire"}]},{"@type":"WebSite","@id":"https:\/\/www.coursdelanguearabe.com\/#website","url":"https:\/\/www.coursdelanguearabe.com\/","name":"Arabic Language Course","description":"Cours de langue arabe en ligne","publisher":{"@id":"https:\/\/www.coursdelanguearabe.com\/#organization"},"potentialAction":[{"@type":"SearchAction","target":{"@type":"EntryPoint","urlTemplate":"https:\/\/www.coursdelanguearabe.com\/?s={search_term_string}"},"query-input":{"@type":"PropertyValueSpecification","valueRequired":true,"valueName":"search_term_string"}}],"inLanguage":"en-US"},{"@type":"Organization","@id":"https:\/\/www.coursdelanguearabe.com\/#organization","name":"Arabic Language Course","url":"https:\/\/www.coursdelanguearabe.com\/","logo":{"@type":"ImageObject","inLanguage":"en-US","@id":"https:\/\/www.coursdelanguearabe.com\/#\/schema\/logo\/image\/","url":"https:\/\/www.coursdelanguearabe.com\/wp-content\/uploads\/2026\/02\/cropped-cropped-cropped-Lance-Ton-Merkez-19-1.png","contentUrl":"https:\/\/www.coursdelanguearabe.com\/wp-content\/uploads\/2026\/02\/cropped-cropped-cropped-Lance-Ton-Merkez-19-1.png","width":512,"height":512,"caption":"Cours de Langue Arabe"},"image":{"@id":"https:\/\/www.coursdelanguearabe.com\/#\/schema\/logo\/image\/"},"sameAs":["https:\/\/www.facebook.com\/courslanguearabe\/"]}]}},"_links":{"self":[{"href":"https:\/\/www.coursdelanguearabe.com\/en\/wp-json\/wp\/v2\/product\/1800","targetHints":{"allow":["GET"]}}],"collection":[{"href":"https:\/\/www.coursdelanguearabe.com\/en\/wp-json\/wp\/v2\/product"}],"about":[{"href":"https:\/\/www.coursdelanguearabe.com\/en\/wp-json\/wp\/v2\/types\/product"}],"wp:featuredmedia":[{"embeddable":true,"href":"https:\/\/www.coursdelanguearabe.com\/en\/wp-json\/wp\/v2\/media\/1803"}],"wp:attachment":[{"href":"https:\/\/www.coursdelanguearabe.com\/en\/wp-json\/wp\/v2\/media?parent=1800"}],"wp:term":[{"taxonomy":"product_brand","embeddable":true,"href":"https:\/\/www.coursdelanguearabe.com\/en\/wp-json\/wp\/v2\/product_brand?post=1800"},{"taxonomy":"product_cat","embeddable":true,"href":"https:\/\/www.coursdelanguearabe.com\/en\/wp-json\/wp\/v2\/product_cat?post=1800"},{"taxonomy":"product_tag","embeddable":true,"href":"https:\/\/www.coursdelanguearabe.com\/en\/wp-json\/wp\/v2\/product_tag?post=1800"}],"curies":[{"name":"wp","href":"https:\/\/api.w.org\/{rel}","templated":true}]}}